{"id":11187,"date":"2023-08-23T08:22:48","date_gmt":"2023-08-23T08:22:48","guid":{"rendered":"https:\/\/viskanspa-se.tbwebsite.com\/?post_type=product&#038;p=11187"},"modified":"2024-09-19T06:55:17","modified_gmt":"2024-09-19T06:55:17","slug":"blue-lagoon-uv-c-t5-21-w","status":"publish","type":"product","link":"https:\/\/viskanspa-se.tbwebsite.com\/en\/spabad\/reservdelar\/rening\/blue-lagoon-uv-c-t5-21-w\/","title":{"rendered":"Blue Lagoon UV-C T5 21 W"},"content":{"rendered":"","protected":false},"excerpt":{"rendered":"<p>Blue Lagoon UV-C T5 21W \u00e4r speciellt utformad f\u00f6r vatten med h\u00f6ga temperaturer (40 \u00b0C), s\u00e5som spa och badtunnor d\u00e4r utrymmet \u00e4r begr\u00e4nsat och en h\u00f6g desinfektionseffektivitet kr\u00e4vs. Vid reningscyklerna eller n\u00e4r cirkulationspumpen \u00e4r ig\u00e5ng passerar vattnet genom enheten och UV-lampan neutraliserar effektiv och s\u00e4kert vattnet fr\u00e5n bakterier och virus. Enheten \u00e4r komplett med UV-C lampa, amp-plugg &amp; LED-indikator.<\/p>\n<p>Vid anv\u00e4ndning av reningssystem kan behovet av kemikalier s\u00e5som klor, brom etc minskas vilket resulterar i renare och klarare vatten.<\/p>\n<p>Ers\u00e4tter Blue Lagoon UV-C PLS 12 W<\/p>\n<ul>\n<li>Diameter 58 mm<\/li>\n<li>L\u00e4ngd 35 cm<\/li>\n<li>230 V, 50 Hz<\/li>\n<li>UV-lampa 21 W<\/li>\n<li>Max tryck 1 bar<\/li>\n<li>Anslutning 1,5\u201d medf\u00f6ljer<\/li>\n<\/ul>","protected":false},"featured_media":11188,"template":"","meta":{"_acf_changed":false},"product_brand":[],"product_cat":[78,77],"product_tag":[],"class_list":{"0":"post-11187","1":"product","2":"type-product","3":"status-publish","4":"has-post-thumbnail","6":"product_cat-rening","7":"product_cat-reservdelar","9":"first","10":"instock","11":"taxable","12":"shipping-taxable","13":"purchasable","14":"product-type-simple"},"acf":[],"_links":{"self":[{"href":"https:\/\/viskanspa-se.tbwebsite.com\/en\/wp-json\/wp\/v2\/product\/11187","targetHints":{"allow":["GET"]}}],"collection":[{"href":"https:\/\/viskanspa-se.tbwebsite.com\/en\/wp-json\/wp\/v2\/product"}],"about":[{"href":"https:\/\/viskanspa-se.tbwebsite.com\/en\/wp-json\/wp\/v2\/types\/product"}],"wp:featuredmedia":[{"embeddable":true,"href":"https:\/\/viskanspa-se.tbwebsite.com\/en\/wp-json\/wp\/v2\/media\/11188"}],"wp:attachment":[{"href":"https:\/\/viskanspa-se.tbwebsite.com\/en\/wp-json\/wp\/v2\/media?parent=11187"}],"wp:term":[{"taxonomy":"product_brand","embeddable":true,"href":"https:\/\/viskanspa-se.tbwebsite.com\/en\/wp-json\/wp\/v2\/product_brand?post=11187"},{"taxonomy":"product_cat","embeddable":true,"href":"https:\/\/viskanspa-se.tbwebsite.com\/en\/wp-json\/wp\/v2\/product_cat?post=11187"},{"taxonomy":"product_tag","embeddable":true,"href":"https:\/\/viskanspa-se.tbwebsite.com\/en\/wp-json\/wp\/v2\/product_tag?post=11187"}],"curies":[{"name":"wp","href":"https:\/\/api.w.org\/{rel}","templated":true}]}}