{"id":12888,"date":"2024-04-18T13:04:20","date_gmt":"2024-04-18T13:04:20","guid":{"rendered":"https:\/\/viskanspa-se.tbwebsite.com\/?post_type=product&#038;p=12888"},"modified":"2024-05-15T13:34:11","modified_gmt":"2024-05-15T13:34:11","slug":"backventil-2","status":"publish","type":"product","link":"https:\/\/viskanspa-se.tbwebsite.com\/en\/spabad\/reservdelar\/massagepumpar-luftpumpar\/backventil-2\/","title":{"rendered":"Backventil 2&#8243;"},"content":{"rendered":"","protected":false},"excerpt":{"rendered":"<p>F\u00f6rhindrar vattnet att g\u00e5 fel v\u00e4g i systemet<\/p>\n<p>2&#8243; anslutning<\/p>","protected":false},"featured_media":12889,"template":"","meta":{"_acf_changed":false},"product_brand":[],"product_cat":[82,77,96],"product_tag":[],"class_list":{"0":"post-12888","1":"product","2":"type-product","3":"status-publish","4":"has-post-thumbnail","6":"product_cat-massagepumpar-luftpumpar","7":"product_cat-reservdelar","8":"product_cat-avstangningsventiler","10":"first","11":"instock","12":"taxable","13":"shipping-taxable","14":"purchasable","15":"product-type-simple"},"acf":[],"_links":{"self":[{"href":"https:\/\/viskanspa-se.tbwebsite.com\/en\/wp-json\/wp\/v2\/product\/12888","targetHints":{"allow":["GET"]}}],"collection":[{"href":"https:\/\/viskanspa-se.tbwebsite.com\/en\/wp-json\/wp\/v2\/product"}],"about":[{"href":"https:\/\/viskanspa-se.tbwebsite.com\/en\/wp-json\/wp\/v2\/types\/product"}],"wp:featuredmedia":[{"embeddable":true,"href":"https:\/\/viskanspa-se.tbwebsite.com\/en\/wp-json\/wp\/v2\/media\/12889"}],"wp:attachment":[{"href":"https:\/\/viskanspa-se.tbwebsite.com\/en\/wp-json\/wp\/v2\/media?parent=12888"}],"wp:term":[{"taxonomy":"product_brand","embeddable":true,"href":"https:\/\/viskanspa-se.tbwebsite.com\/en\/wp-json\/wp\/v2\/product_brand?post=12888"},{"taxonomy":"product_cat","embeddable":true,"href":"https:\/\/viskanspa-se.tbwebsite.com\/en\/wp-json\/wp\/v2\/product_cat?post=12888"},{"taxonomy":"product_tag","embeddable":true,"href":"https:\/\/viskanspa-se.tbwebsite.com\/en\/wp-json\/wp\/v2\/product_tag?post=12888"}],"curies":[{"name":"wp","href":"https:\/\/api.w.org\/{rel}","templated":true}]}}