{"id":13823,"date":"2024-09-06T07:54:46","date_gmt":"2024-09-06T07:54:46","guid":{"rendered":"https:\/\/viskanspa-se.tbwebsite.com\/?post_type=product&#038;p=13823"},"modified":"2024-09-06T08:44:46","modified_gmt":"2024-09-06T08:44:46","slug":"uv-c-lampa","status":"publish","type":"product","link":"https:\/\/viskanspa-se.tbwebsite.com\/en\/spabad\/tillbehor\/uv-c-lampa\/","title":{"rendered":"Blue Lagoon UV-C T5 21 W"},"content":{"rendered":"<div class=\"elementor-element elementor-element-8a5cf7b elementor-widget elementor-widget-woocommerce-product-title elementor-page-title elementor-widget-heading\" data-id=\"8a5cf7b\" data-element_type=\"widget\" data-widget_type=\"woocommerce-product-title.default\">\n<div class=\"elementor-widget-container\">\n<h1 class=\"product_title entry-title elementor-heading-title elementor-size-default\"><\/h1>\n<\/div>\n<\/div>\n<div class=\"elementor-element elementor-element-89a2e29 elementor-widget__width-inherit product_price elementor-widget elementor-widget-woocommerce-product-price\" data-id=\"89a2e29\" data-element_type=\"widget\" data-widget_type=\"woocommerce-product-price.default\">\n<div class=\"elementor-widget-container\">\n<p class=\"price\">\n<\/div>\n<\/div>","protected":false},"excerpt":{"rendered":"<p>Blue Lagoon UV-C T5 21W is ideal for hot tubs with high temperatures up to 40 \u00b0C. Despite its compact size, the 21W strong UV-C lamp delivers powerful performance, effectively neutralizing bacteria and viruses during cleaning cycles. This not only improves water quality, but also reduces the need for chemical disinfectants, providing a more natural and pleasant spa experience. The UV-C lamp also helps extend the life of the spa's components by minimizing wear and tear from chemicals, making it a smart and sustainable choice for your spa.<\/p>\n<p>Option for Troll\u00f6, Dons\u00f6, R\u00f6nn\u00f6, Apel\u00f6 and Stilla series.<\/p>\n<p><strong>Rec. price: SEK 2 295<\/strong><\/p>","protected":false},"featured_media":13824,"template":"","meta":{"_acf_changed":false},"product_brand":[],"product_cat":[62,58],"product_tag":[],"class_list":{"0":"post-13823","1":"product","2":"type-product","3":"status-publish","4":"has-post-thumbnail","6":"product_cat-for-aterforsaljare","7":"product_cat-tillbehor","9":"first","10":"instock","11":"taxable","12":"shipping-taxable","13":"product-type-simple"},"acf":[],"_links":{"self":[{"href":"https:\/\/viskanspa-se.tbwebsite.com\/en\/wp-json\/wp\/v2\/product\/13823","targetHints":{"allow":["GET"]}}],"collection":[{"href":"https:\/\/viskanspa-se.tbwebsite.com\/en\/wp-json\/wp\/v2\/product"}],"about":[{"href":"https:\/\/viskanspa-se.tbwebsite.com\/en\/wp-json\/wp\/v2\/types\/product"}],"wp:featuredmedia":[{"embeddable":true,"href":"https:\/\/viskanspa-se.tbwebsite.com\/en\/wp-json\/wp\/v2\/media\/13824"}],"wp:attachment":[{"href":"https:\/\/viskanspa-se.tbwebsite.com\/en\/wp-json\/wp\/v2\/media?parent=13823"}],"wp:term":[{"taxonomy":"product_brand","embeddable":true,"href":"https:\/\/viskanspa-se.tbwebsite.com\/en\/wp-json\/wp\/v2\/product_brand?post=13823"},{"taxonomy":"product_cat","embeddable":true,"href":"https:\/\/viskanspa-se.tbwebsite.com\/en\/wp-json\/wp\/v2\/product_cat?post=13823"},{"taxonomy":"product_tag","embeddable":true,"href":"https:\/\/viskanspa-se.tbwebsite.com\/en\/wp-json\/wp\/v2\/product_tag?post=13823"}],"curies":[{"name":"wp","href":"https:\/\/api.w.org\/{rel}","templated":true}]}}