{"id":14153,"date":"2024-10-01T13:45:55","date_gmt":"2024-10-01T13:45:55","guid":{"rendered":"https:\/\/viskanspa-se.tbwebsite.com\/?post_type=product&#038;p=14153"},"modified":"2024-10-01T14:04:39","modified_gmt":"2024-10-01T14:04:39","slug":"balboa-kontrollbox-gs100-2-kw","status":"publish","type":"product","link":"https:\/\/viskanspa-se.tbwebsite.com\/en\/spabad\/reservdelar\/elboxar\/balboa-kontrollbox-gs100-2-kw\/","title":{"rendered":"Balboa Kontrollbox GS100 (2 kw)"},"content":{"rendered":"","protected":false},"excerpt":{"rendered":"<p><strong>Kontrollboxen har uttag\/portar f\u00f6r:<\/strong><\/p>\n<ul>\n<li>Pump 1 &#8211; 2-stegs pump<\/li>\n<li>Ozon \/ UV-C<\/li>\n<li>Belysningsuttag f\u00f6r 10V max 2 Amp<\/li>\n<\/ul>\n<p>V\u00e4rmare 2 kW \u00e4r extern och s\u00e4ljs separat under artikel 60801<\/p>\n<p>&nbsp;<\/p>\n<p>&nbsp;<\/p>","protected":false},"featured_media":14154,"template":"","meta":{"_acf_changed":false},"product_brand":[],"product_cat":[79,77],"product_tag":[],"class_list":{"0":"post-14153","1":"product","2":"type-product","3":"status-publish","4":"has-post-thumbnail","6":"product_cat-elboxar","7":"product_cat-reservdelar","9":"first","10":"instock","11":"taxable","12":"shipping-taxable","13":"purchasable","14":"product-type-simple"},"acf":[],"_links":{"self":[{"href":"https:\/\/viskanspa-se.tbwebsite.com\/en\/wp-json\/wp\/v2\/product\/14153","targetHints":{"allow":["GET"]}}],"collection":[{"href":"https:\/\/viskanspa-se.tbwebsite.com\/en\/wp-json\/wp\/v2\/product"}],"about":[{"href":"https:\/\/viskanspa-se.tbwebsite.com\/en\/wp-json\/wp\/v2\/types\/product"}],"wp:featuredmedia":[{"embeddable":true,"href":"https:\/\/viskanspa-se.tbwebsite.com\/en\/wp-json\/wp\/v2\/media\/14154"}],"wp:attachment":[{"href":"https:\/\/viskanspa-se.tbwebsite.com\/en\/wp-json\/wp\/v2\/media?parent=14153"}],"wp:term":[{"taxonomy":"product_brand","embeddable":true,"href":"https:\/\/viskanspa-se.tbwebsite.com\/en\/wp-json\/wp\/v2\/product_brand?post=14153"},{"taxonomy":"product_cat","embeddable":true,"href":"https:\/\/viskanspa-se.tbwebsite.com\/en\/wp-json\/wp\/v2\/product_cat?post=14153"},{"taxonomy":"product_tag","embeddable":true,"href":"https:\/\/viskanspa-se.tbwebsite.com\/en\/wp-json\/wp\/v2\/product_tag?post=14153"}],"curies":[{"name":"wp","href":"https:\/\/api.w.org\/{rel}","templated":true}]}}