{"id":14156,"date":"2024-10-01T14:02:50","date_gmt":"2024-10-01T14:02:50","guid":{"rendered":"https:\/\/viskanspa-se.tbwebsite.com\/?post_type=product&#038;p=14156"},"modified":"2024-10-01T14:31:55","modified_gmt":"2024-10-01T14:31:55","slug":"balboa-kontrollbox-gs100-3-kw","status":"publish","type":"product","link":"https:\/\/viskanspa-se.tbwebsite.com\/en\/spabad\/reservdelar\/elboxar\/balboa-kontrollbox-gs100-3-kw\/","title":{"rendered":"Balboa Kontrollbox GS100 (3 kw)"},"content":{"rendered":"","protected":false},"excerpt":{"rendered":"<p><strong>Kontrollboxen har uttag\/portar f\u00f6r:<\/strong><\/p>\n<ul>\n<li>Pump 1 &#8211; 2-stegs pump<\/li>\n<li>Ozon \/ UV-C<\/li>\n<li>Belysningsuttag f\u00f6r 10V max 2 Amp<\/li>\n<\/ul>\n<p>V\u00e4rmare 3 kW \u00e4r extern och s\u00e4ljs separat under artikel 60833<\/p>\n<p>&nbsp;<\/p>\n<p>&nbsp;<\/p>","protected":false},"featured_media":14154,"template":"","meta":{"_acf_changed":false},"product_brand":[],"product_cat":[79,77],"product_tag":[],"class_list":{"0":"post-14156","1":"product","2":"type-product","3":"status-publish","4":"has-post-thumbnail","6":"product_cat-elboxar","7":"product_cat-reservdelar","9":"first","10":"instock","11":"taxable","12":"shipping-taxable","13":"purchasable","14":"product-type-simple"},"acf":[],"_links":{"self":[{"href":"https:\/\/viskanspa-se.tbwebsite.com\/en\/wp-json\/wp\/v2\/product\/14156","targetHints":{"allow":["GET"]}}],"collection":[{"href":"https:\/\/viskanspa-se.tbwebsite.com\/en\/wp-json\/wp\/v2\/product"}],"about":[{"href":"https:\/\/viskanspa-se.tbwebsite.com\/en\/wp-json\/wp\/v2\/types\/product"}],"wp:featuredmedia":[{"embeddable":true,"href":"https:\/\/viskanspa-se.tbwebsite.com\/en\/wp-json\/wp\/v2\/media\/14154"}],"wp:attachment":[{"href":"https:\/\/viskanspa-se.tbwebsite.com\/en\/wp-json\/wp\/v2\/media?parent=14156"}],"wp:term":[{"taxonomy":"product_brand","embeddable":true,"href":"https:\/\/viskanspa-se.tbwebsite.com\/en\/wp-json\/wp\/v2\/product_brand?post=14156"},{"taxonomy":"product_cat","embeddable":true,"href":"https:\/\/viskanspa-se.tbwebsite.com\/en\/wp-json\/wp\/v2\/product_cat?post=14156"},{"taxonomy":"product_tag","embeddable":true,"href":"https:\/\/viskanspa-se.tbwebsite.com\/en\/wp-json\/wp\/v2\/product_tag?post=14156"}],"curies":[{"name":"wp","href":"https:\/\/api.w.org\/{rel}","templated":true}]}}