{"id":14573,"date":"2024-12-17T12:01:31","date_gmt":"2024-12-17T12:01:31","guid":{"rendered":"https:\/\/viskanspa-se.tbwebsite.com\/?post_type=product&#038;p=14573"},"modified":"2024-12-17T12:20:20","modified_gmt":"2024-12-17T12:20:20","slug":"scuba-3","status":"publish","type":"product","link":"https:\/\/viskanspa-se.tbwebsite.com\/en\/spabad\/tillbehor\/scuba-3\/","title":{"rendered":"Scuba 3"},"content":{"rendered":"","protected":false},"excerpt":{"rendered":"<p class=\"x_MsoNormal\" data-olk-copy-source=\"MessageBody\">Scubas digitala vattentestare har blivit \u00e4nnu b\u00e4ttre, nu med app och hela 11 olika tester i en och samma testare!<\/p>\n<p class=\"x_MsoNormal\">Den nya elektroniska pooltestaren g\u00f6r \u00f6vervakningen av vattenkvaliteten snabbare, mer flexibel, praktisk och enklare \u00e4n n\u00e5gonsin.<br \/>\nScuba 3 har tr\u00e5dl\u00f6s data\u00f6verf\u00f6ring till en enhet med NFC-l\u00e4sare, exempelvis en smartphone. Allt du beh\u00f6ver g\u00f6ra \u00e4r att \u00f6ppna Pool-appen och placera din smartphone \u00f6ver Scuba 3.<\/p>\n<p class=\"x_MsoNormal\">Alla m\u00e4tv\u00e4rden, inklusive datum\/tid, resultat och enheter, \u00f6verf\u00f6rs direkt och blir genast tillg\u00e4ngliga i appen.<\/p>\n<p class=\"x_MsoNormal\">Alla anv\u00e4ndare kan schemal\u00e4gga poolunderh\u00e5lls\u00e5tg\u00e4rder och kemikalier.<\/p>\n<ul type=\"disc\">\n<li class=\"x_MsoNormal\">Digital display<\/li>\n<li class=\"x_MsoNormal\">Vattent\u00e4t och flytande<\/li>\n<li class=\"x_MsoNormal\">Snabbt och enkelt att komma ig\u00e5ng<\/li>\n<li class=\"x_MsoNormal\">Levereras med batteri och testtabletter<\/li>\n<\/ul>\n<p class=\"x_MsoNormal\">H\u00e4r finns \u00e4ven:<\/p>\n<ul type=\"disc\">\n<li class=\"x_MsoNormal\">Data\u00f6verf\u00f6ring till smarta enheter via NFC<\/li>\n<li class=\"x_MsoNormal\">Verktyg f\u00f6r poolhantering som underh\u00e5ll och vattenkvalitet<\/li>\n<li class=\"x_MsoNormal\">FAQ och metodbeskrivning<\/li>\n<li class=\"x_MsoNormal\">Anslutning till molnet f\u00f6r datalagring<\/li>\n<li class=\"x_MsoNormal\">Klassificering av resultat efter f\u00e4rgkodning (r\u00f6d, gr\u00f6n)<\/li>\n<li class=\"x_MsoNormal\">Grafisk datavisning<\/li>\n<li class=\"x_MsoNormal\">\u00c5tkomst med 3 anv\u00e4ndarkonton<\/li>\n<li class=\"x_MsoNormal\">Data baserad p\u00e5 specifika vattenprofiler som havsvatten eller s\u00f6tvatten<\/li>\n<\/ul>\n<p>&nbsp;<\/p>\n<p><strong>Rek.pris: 2 495 kr<\/strong><\/p>\n<p>&nbsp;<\/p>","protected":false},"featured_media":14575,"template":"","meta":{"_acf_changed":false},"product_brand":[],"product_cat":[58,62],"product_tag":[],"class_list":{"0":"post-14573","1":"product","2":"type-product","3":"status-publish","4":"has-post-thumbnail","6":"product_cat-tillbehor","7":"product_cat-for-aterforsaljare","9":"first","10":"instock","11":"taxable","12":"shipping-taxable","13":"purchasable","14":"product-type-simple"},"acf":[],"_links":{"self":[{"href":"https:\/\/viskanspa-se.tbwebsite.com\/en\/wp-json\/wp\/v2\/product\/14573","targetHints":{"allow":["GET"]}}],"collection":[{"href":"https:\/\/viskanspa-se.tbwebsite.com\/en\/wp-json\/wp\/v2\/product"}],"about":[{"href":"https:\/\/viskanspa-se.tbwebsite.com\/en\/wp-json\/wp\/v2\/types\/product"}],"wp:featuredmedia":[{"embeddable":true,"href":"https:\/\/viskanspa-se.tbwebsite.com\/en\/wp-json\/wp\/v2\/media\/14575"}],"wp:attachment":[{"href":"https:\/\/viskanspa-se.tbwebsite.com\/en\/wp-json\/wp\/v2\/media?parent=14573"}],"wp:term":[{"taxonomy":"product_brand","embeddable":true,"href":"https:\/\/viskanspa-se.tbwebsite.com\/en\/wp-json\/wp\/v2\/product_brand?post=14573"},{"taxonomy":"product_cat","embeddable":true,"href":"https:\/\/viskanspa-se.tbwebsite.com\/en\/wp-json\/wp\/v2\/product_cat?post=14573"},{"taxonomy":"product_tag","embeddable":true,"href":"https:\/\/viskanspa-se.tbwebsite.com\/en\/wp-json\/wp\/v2\/product_tag?post=14573"}],"curies":[{"name":"wp","href":"https:\/\/api.w.org\/{rel}","templated":true}]}}