{"id":589,"date":"2022-04-06T07:36:03","date_gmt":"2022-04-06T07:36:03","guid":{"rendered":"http:\/\/viskanspa-se.flywheelstaging.com\/?post_type=product&#038;p=589"},"modified":"2025-02-28T13:43:17","modified_gmt":"2025-02-28T13:43:17","slug":"harmoni","status":"publish","type":"product","link":"https:\/\/viskanspa-se.tbwebsite.com\/en\/spabad\/bad\/harmoni\/","title":{"rendered":"Harmoni"},"content":{"rendered":"<p><strong>Number of seats<\/strong><\/p>\n<p><img decoding=\"async\" class=\"alignnone wp-image-6573\" src=\"https:\/\/viskanspa-se.tbwebsite.com\/wp-content\/uploads\/2022\/04\/viskan_spa_antal_platser.png\" alt=\"\" width=\"23\" height=\"56\" srcset=\"https:\/\/viskanspa-se.tbwebsite.com\/wp-content\/uploads\/2022\/04\/viskan_spa_antal_platser.png 40w, https:\/\/viskanspa-se.tbwebsite.com\/wp-content\/uploads\/2022\/04\/viskan_spa_antal_platser-5x12.png 5w\" sizes=\"(max-width: 23px) 100vw, 23px\" \/><img decoding=\"async\" class=\"alignnone wp-image-6573\" src=\"https:\/\/viskanspa-se.tbwebsite.com\/wp-content\/uploads\/2022\/04\/viskan_spa_antal_platser.png\" alt=\"\" width=\"23\" height=\"56\" srcset=\"https:\/\/viskanspa-se.tbwebsite.com\/wp-content\/uploads\/2022\/04\/viskan_spa_antal_platser.png 40w, https:\/\/viskanspa-se.tbwebsite.com\/wp-content\/uploads\/2022\/04\/viskan_spa_antal_platser-5x12.png 5w\" sizes=\"(max-width: 23px) 100vw, 23px\" \/><img decoding=\"async\" class=\"alignnone wp-image-6573\" src=\"https:\/\/viskanspa-se.tbwebsite.com\/wp-content\/uploads\/2022\/04\/viskan_spa_antal_platser.png\" alt=\"\" width=\"23\" height=\"56\" srcset=\"https:\/\/viskanspa-se.tbwebsite.com\/wp-content\/uploads\/2022\/04\/viskan_spa_antal_platser.png 40w, https:\/\/viskanspa-se.tbwebsite.com\/wp-content\/uploads\/2022\/04\/viskan_spa_antal_platser-5x12.png 5w\" sizes=\"(max-width: 23px) 100vw, 23px\" \/><img decoding=\"async\" class=\"alignnone wp-image-6573\" src=\"https:\/\/viskanspa-se.tbwebsite.com\/wp-content\/uploads\/2022\/04\/viskan_spa_antal_platser.png\" alt=\"\" width=\"23\" height=\"56\" srcset=\"https:\/\/viskanspa-se.tbwebsite.com\/wp-content\/uploads\/2022\/04\/viskan_spa_antal_platser.png 40w, https:\/\/viskanspa-se.tbwebsite.com\/wp-content\/uploads\/2022\/04\/viskan_spa_antal_platser-5x12.png 5w\" sizes=\"(max-width: 23px) 100vw, 23px\" \/><img decoding=\"async\" class=\"alignnone wp-image-6573\" src=\"https:\/\/viskanspa-se.tbwebsite.com\/wp-content\/uploads\/2022\/04\/viskan_spa_antal_platser.png\" alt=\"\" width=\"23\" height=\"56\" srcset=\"https:\/\/viskanspa-se.tbwebsite.com\/wp-content\/uploads\/2022\/04\/viskan_spa_antal_platser.png 40w, https:\/\/viskanspa-se.tbwebsite.com\/wp-content\/uploads\/2022\/04\/viskan_spa_antal_platser-5x12.png 5w\" sizes=\"(max-width: 23px) 100vw, 23px\" \/><\/p>\n<p><strong>Type of seats<\/strong><\/p>\n<p><img decoding=\"async\" class=\"alignnone wp-image-6574\" src=\"https:\/\/viskanspa-se.tbwebsite.com\/wp-content\/uploads\/2022\/04\/viskan_spa_platstyp_sittande.png\" alt=\"\" width=\"46\" height=\"60\" srcset=\"https:\/\/viskanspa-se.tbwebsite.com\/wp-content\/uploads\/2022\/04\/viskan_spa_platstyp_sittande.png 76w, https:\/\/viskanspa-se.tbwebsite.com\/wp-content\/uploads\/2022\/04\/viskan_spa_platstyp_sittande-64x83.png 64w, https:\/\/viskanspa-se.tbwebsite.com\/wp-content\/uploads\/2022\/04\/viskan_spa_platstyp_sittande-9x12.png 9w\" sizes=\"(max-width: 46px) 100vw, 46px\" \/><\/p>\n<p><strong>SKALF\u00c4RG<br \/>\n<img decoding=\"async\" class=\"alignnone wp-image-13742\" src=\"https:\/\/viskanspa-se.tbwebsite.com\/wp-content\/uploads\/2022\/04\/Sterling-skal.png\" alt=\"\" width=\"97\" height=\"97\" srcset=\"https:\/\/viskanspa-se.tbwebsite.com\/wp-content\/uploads\/2022\/04\/Sterling-skal.png 113w, https:\/\/viskanspa-se.tbwebsite.com\/wp-content\/uploads\/2022\/04\/Sterling-skal-100x100.png 100w, https:\/\/viskanspa-se.tbwebsite.com\/wp-content\/uploads\/2022\/04\/Sterling-skal-64x64.png 64w, https:\/\/viskanspa-se.tbwebsite.com\/wp-content\/uploads\/2022\/04\/Sterling-skal-12x12.png 12w\" sizes=\"(max-width: 97px) 100vw, 97px\" \/><br \/>\n<\/strong><em>Sterling<\/em><\/p>\n<p><strong><br \/>\nPANELF\u00c4RGER<\/strong><\/p>\n<p><img loading=\"lazy\" decoding=\"async\" class=\"alignnone wp-image-13706\" src=\"https:\/\/viskanspa-se.tbwebsite.com\/wp-content\/uploads\/2022\/04\/brun-panel-horn-rund-300x200.png\" alt=\"\" width=\"140\" height=\"93\" srcset=\"https:\/\/viskanspa-se.tbwebsite.com\/wp-content\/uploads\/2022\/04\/brun-panel-horn-rund-300x200.png 300w, https:\/\/viskanspa-se.tbwebsite.com\/wp-content\/uploads\/2022\/04\/brun-panel-horn-rund-297x198.png 297w, https:\/\/viskanspa-se.tbwebsite.com\/wp-content\/uploads\/2022\/04\/brun-panel-horn-rund-505x337.png 505w, https:\/\/viskanspa-se.tbwebsite.com\/wp-content\/uploads\/2022\/04\/brun-panel-horn-rund-64x43.png 64w, https:\/\/viskanspa-se.tbwebsite.com\/wp-content\/uploads\/2022\/04\/brun-panel-horn-rund-1024x683.png 1024w, https:\/\/viskanspa-se.tbwebsite.com\/wp-content\/uploads\/2022\/04\/brun-panel-horn-rund-768x512.png 768w, https:\/\/viskanspa-se.tbwebsite.com\/wp-content\/uploads\/2022\/04\/brun-panel-horn-rund-18x12.png 18w, https:\/\/viskanspa-se.tbwebsite.com\/wp-content\/uploads\/2022\/04\/brun-panel-horn-rund.png 1080w\" sizes=\"(max-width: 140px) 100vw, 140px\" \/> <img loading=\"lazy\" decoding=\"async\" class=\"alignnone wp-image-13707\" src=\"https:\/\/viskanspa-se.tbwebsite.com\/wp-content\/uploads\/2022\/04\/svart-panel-horn-rund-300x200.png\" alt=\"\" width=\"140\" height=\"93\" srcset=\"https:\/\/viskanspa-se.tbwebsite.com\/wp-content\/uploads\/2022\/04\/svart-panel-horn-rund-300x200.png 300w, https:\/\/viskanspa-se.tbwebsite.com\/wp-content\/uploads\/2022\/04\/svart-panel-horn-rund-297x198.png 297w, https:\/\/viskanspa-se.tbwebsite.com\/wp-content\/uploads\/2022\/04\/svart-panel-horn-rund-505x337.png 505w, https:\/\/viskanspa-se.tbwebsite.com\/wp-content\/uploads\/2022\/04\/svart-panel-horn-rund-64x43.png 64w, https:\/\/viskanspa-se.tbwebsite.com\/wp-content\/uploads\/2022\/04\/svart-panel-horn-rund-1024x683.png 1024w, https:\/\/viskanspa-se.tbwebsite.com\/wp-content\/uploads\/2022\/04\/svart-panel-horn-rund-768x512.png 768w, https:\/\/viskanspa-se.tbwebsite.com\/wp-content\/uploads\/2022\/04\/svart-panel-horn-rund-18x12.png 18w, https:\/\/viskanspa-se.tbwebsite.com\/wp-content\/uploads\/2022\/04\/svart-panel-horn-rund.png 1080w\" sizes=\"(max-width: 140px) 100vw, 140px\" \/><br \/>\n<em>Sand st\u00e5. panel\u00a0 \u00a0 \u00a0Svart st\u00e5. panel<\/em><\/p>","protected":false},"excerpt":{"rendered":"<h4>\u00c4ntligen en badtunna med spabadets f\u00f6rdelar!<\/h4>\n<p>Kanske har du tidigare badat i vedeldad tunna eller \u00e4gt en sj\u00e4lv? Med v\u00e5r spatunna slipper du planeringen med att fylla p\u00e5 vatten och elda f\u00f6r varmvatten vid varje bad, det \u00e4r alltid klart f\u00f6r ett varmt och avkopplande spontanbad. Spatunnan beh\u00f6vs heller inte t\u00f6mmas efter bad utan vattenbyte beh\u00f6ver g\u00f6ras endast 3\u20134 g\u00e5nger per \u00e5r.<\/p>\n<p>Spatunnan ska som v\u00e5ra \u00f6vriga spabad alltid vara p\u00e5fylld med vatten. Med andra ord \u00e4r det bara att lyfta p\u00e5 locket och krypa ner i det uppv\u00e4rmda badet. Undervattensbelysning och aromaterapi g\u00f6r kv\u00e4llsdoppet extra mysigt och spalikt. Spatunnan levereras, likt alla v\u00e5ra bad, med ett tjockt lock, 3 kw v\u00e4rmare och cirkulations-pump\/filter f\u00f6r rening.<\/p>\n<p><strong>Rek.pris: 59 995 kr<\/strong><\/p>","protected":false},"featured_media":590,"template":"","meta":{"_acf_changed":false},"product_brand":[],"product_cat":[54,62],"product_tag":[],"class_list":{"0":"post-589","1":"product","2":"type-product","3":"status-publish","4":"has-post-thumbnail","6":"product_cat-bad","7":"product_cat-for-aterforsaljare","9":"first","10":"instock","11":"taxable","12":"shipping-taxable","13":"purchasable","14":"product-type-simple"},"acf":[],"_links":{"self":[{"href":"https:\/\/viskanspa-se.tbwebsite.com\/en\/wp-json\/wp\/v2\/product\/589","targetHints":{"allow":["GET"]}}],"collection":[{"href":"https:\/\/viskanspa-se.tbwebsite.com\/en\/wp-json\/wp\/v2\/product"}],"about":[{"href":"https:\/\/viskanspa-se.tbwebsite.com\/en\/wp-json\/wp\/v2\/types\/product"}],"wp:featuredmedia":[{"embeddable":true,"href":"https:\/\/viskanspa-se.tbwebsite.com\/en\/wp-json\/wp\/v2\/media\/590"}],"wp:attachment":[{"href":"https:\/\/viskanspa-se.tbwebsite.com\/en\/wp-json\/wp\/v2\/media?parent=589"}],"wp:term":[{"taxonomy":"product_brand","embeddable":true,"href":"https:\/\/viskanspa-se.tbwebsite.com\/en\/wp-json\/wp\/v2\/product_brand?post=589"},{"taxonomy":"product_cat","embeddable":true,"href":"https:\/\/viskanspa-se.tbwebsite.com\/en\/wp-json\/wp\/v2\/product_cat?post=589"},{"taxonomy":"product_tag","embeddable":true,"href":"https:\/\/viskanspa-se.tbwebsite.com\/en\/wp-json\/wp\/v2\/product_tag?post=589"}],"curies":[{"name":"wp","href":"https:\/\/api.w.org\/{rel}","templated":true}]}}