{"id":608,"date":"2022-04-06T08:32:25","date_gmt":"2022-04-06T08:32:25","guid":{"rendered":"http:\/\/viskanspa-se.flywheelstaging.com\/?post_type=product&#038;p=608"},"modified":"2024-05-15T13:54:48","modified_gmt":"2024-05-15T13:54:48","slug":"bright-clear","status":"publish","type":"product","link":"https:\/\/viskanspa-se.tbwebsite.com\/en\/spabad\/vattenvard\/bright-clear\/","title":{"rendered":"Bright &#038; clear"},"content":{"rendered":"","protected":false},"excerpt":{"rendered":"<p>Spacare Bright &amp; Clear<\/p>\n<p>SpaCare Bright &amp; Clear \u00e4r ett flytande flockningsmedel som f\u00e5r sm\u00e5 partiklar i vattnet att samlas, s\u00e5 att det blir l\u00e4ttare f\u00f6r filtret att ta bort dem.<\/p>\n<p>OBS! Anv\u00e4nd bara SpaCare Bright &amp; Clear om du upplever att vattnet \u00e4r grumligt. Vid \u00f6verdriven anv\u00e4ndning kan flockningsmedlet t\u00e4ppa till filtret.\u00a0Tills\u00e4tt bara 10\u00a0ml Bright &amp; Clear per 1000\u20131500 liter vatten. Har du problem med patronfiltret? Reng\u00f6r det med SpaCare Filter Cleaner.<\/p>\n<p>F\u00f6rp. 500 ml.<\/p>\n<p>&nbsp;<\/p>","protected":false},"featured_media":8451,"template":"","meta":{"_acf_changed":false},"product_brand":[],"product_cat":[62,61],"product_tag":[],"class_list":{"0":"post-608","1":"product","2":"type-product","3":"status-publish","4":"has-post-thumbnail","6":"product_cat-for-aterforsaljare","7":"product_cat-vattenvard","9":"first","10":"instock","11":"taxable","12":"shipping-taxable","13":"purchasable","14":"product-type-simple"},"acf":[],"_links":{"self":[{"href":"https:\/\/viskanspa-se.tbwebsite.com\/en\/wp-json\/wp\/v2\/product\/608","targetHints":{"allow":["GET"]}}],"collection":[{"href":"https:\/\/viskanspa-se.tbwebsite.com\/en\/wp-json\/wp\/v2\/product"}],"about":[{"href":"https:\/\/viskanspa-se.tbwebsite.com\/en\/wp-json\/wp\/v2\/types\/product"}],"wp:featuredmedia":[{"embeddable":true,"href":"https:\/\/viskanspa-se.tbwebsite.com\/en\/wp-json\/wp\/v2\/media\/8451"}],"wp:attachment":[{"href":"https:\/\/viskanspa-se.tbwebsite.com\/en\/wp-json\/wp\/v2\/media?parent=608"}],"wp:term":[{"taxonomy":"product_brand","embeddable":true,"href":"https:\/\/viskanspa-se.tbwebsite.com\/en\/wp-json\/wp\/v2\/product_brand?post=608"},{"taxonomy":"product_cat","embeddable":true,"href":"https:\/\/viskanspa-se.tbwebsite.com\/en\/wp-json\/wp\/v2\/product_cat?post=608"},{"taxonomy":"product_tag","embeddable":true,"href":"https:\/\/viskanspa-se.tbwebsite.com\/en\/wp-json\/wp\/v2\/product_tag?post=608"}],"curies":[{"name":"wp","href":"https:\/\/api.w.org\/{rel}","templated":true}]}}