{"id":612,"date":"2022-04-06T08:52:10","date_gmt":"2022-04-06T08:52:10","guid":{"rendered":"http:\/\/viskanspa-se.flywheelstaging.com\/?post_type=product&#038;p=612"},"modified":"2025-02-28T13:25:51","modified_gmt":"2025-02-28T13:25:51","slug":"viskan-sando-white-edition","status":"publish","type":"product","link":"https:\/\/viskanspa-se.tbwebsite.com\/en\/spabad\/white-edition\/viskan-sando-white-edition\/","title":{"rendered":"Viskan Sand\u00f6 White Edition"},"content":{"rendered":"<p><strong>Number of seats<\/strong><\/p>\n<p><img decoding=\"async\" class=\"alignnone wp-image-6573\" src=\"https:\/\/viskanspa-se.tbwebsite.com\/wp-content\/uploads\/2022\/04\/viskan_spa_antal_platser.png\" alt=\"\" width=\"23\" height=\"56\" srcset=\"https:\/\/viskanspa-se.tbwebsite.com\/wp-content\/uploads\/2022\/04\/viskan_spa_antal_platser.png 40w, https:\/\/viskanspa-se.tbwebsite.com\/wp-content\/uploads\/2022\/04\/viskan_spa_antal_platser-5x12.png 5w\" sizes=\"(max-width: 23px) 100vw, 23px\" \/><img decoding=\"async\" class=\"alignnone wp-image-6573\" src=\"https:\/\/viskanspa-se.tbwebsite.com\/wp-content\/uploads\/2022\/04\/viskan_spa_antal_platser.png\" alt=\"\" width=\"23\" height=\"56\" srcset=\"https:\/\/viskanspa-se.tbwebsite.com\/wp-content\/uploads\/2022\/04\/viskan_spa_antal_platser.png 40w, https:\/\/viskanspa-se.tbwebsite.com\/wp-content\/uploads\/2022\/04\/viskan_spa_antal_platser-5x12.png 5w\" sizes=\"(max-width: 23px) 100vw, 23px\" \/><img decoding=\"async\" class=\"alignnone wp-image-6573\" src=\"https:\/\/viskanspa-se.tbwebsite.com\/wp-content\/uploads\/2022\/04\/viskan_spa_antal_platser.png\" alt=\"\" width=\"23\" height=\"56\" srcset=\"https:\/\/viskanspa-se.tbwebsite.com\/wp-content\/uploads\/2022\/04\/viskan_spa_antal_platser.png 40w, https:\/\/viskanspa-se.tbwebsite.com\/wp-content\/uploads\/2022\/04\/viskan_spa_antal_platser-5x12.png 5w\" sizes=\"(max-width: 23px) 100vw, 23px\" \/><img decoding=\"async\" class=\"alignnone wp-image-6573\" src=\"https:\/\/viskanspa-se.tbwebsite.com\/wp-content\/uploads\/2022\/04\/viskan_spa_antal_platser.png\" alt=\"\" width=\"23\" height=\"56\" srcset=\"https:\/\/viskanspa-se.tbwebsite.com\/wp-content\/uploads\/2022\/04\/viskan_spa_antal_platser.png 40w, https:\/\/viskanspa-se.tbwebsite.com\/wp-content\/uploads\/2022\/04\/viskan_spa_antal_platser-5x12.png 5w\" sizes=\"(max-width: 23px) 100vw, 23px\" \/><img decoding=\"async\" class=\"alignnone wp-image-6573\" src=\"https:\/\/viskanspa-se.tbwebsite.com\/wp-content\/uploads\/2022\/04\/viskan_spa_antal_platser.png\" alt=\"\" width=\"23\" height=\"56\" srcset=\"https:\/\/viskanspa-se.tbwebsite.com\/wp-content\/uploads\/2022\/04\/viskan_spa_antal_platser.png 40w, https:\/\/viskanspa-se.tbwebsite.com\/wp-content\/uploads\/2022\/04\/viskan_spa_antal_platser-5x12.png 5w\" sizes=\"(max-width: 23px) 100vw, 23px\" \/><\/p>\n<p><strong>Type of seats<\/strong><\/p>\n<p><img decoding=\"async\" class=\"alignnone wp-image-6574\" src=\"https:\/\/viskanspa-se.tbwebsite.com\/wp-content\/uploads\/2022\/04\/viskan_spa_platstyp_sittande.png\" alt=\"\" width=\"46\" height=\"60\" srcset=\"https:\/\/viskanspa-se.tbwebsite.com\/wp-content\/uploads\/2022\/04\/viskan_spa_platstyp_sittande.png 76w, https:\/\/viskanspa-se.tbwebsite.com\/wp-content\/uploads\/2022\/04\/viskan_spa_platstyp_sittande-64x83.png 64w, https:\/\/viskanspa-se.tbwebsite.com\/wp-content\/uploads\/2022\/04\/viskan_spa_platstyp_sittande-9x12.png 9w\" sizes=\"(max-width: 46px) 100vw, 46px\" \/> <img decoding=\"async\" class=\"alignnone wp-image-6575\" src=\"https:\/\/viskanspa-se.tbwebsite.com\/wp-content\/uploads\/2022\/04\/viskan_spa_platstyp_liggande.png\" alt=\"\" width=\"90\" height=\"60\" srcset=\"https:\/\/viskanspa-se.tbwebsite.com\/wp-content\/uploads\/2022\/04\/viskan_spa_platstyp_liggande.png 148w, https:\/\/viskanspa-se.tbwebsite.com\/wp-content\/uploads\/2022\/04\/viskan_spa_platstyp_liggande-64x43.png 64w, https:\/\/viskanspa-se.tbwebsite.com\/wp-content\/uploads\/2022\/04\/viskan_spa_platstyp_liggande-18x12.png 18w\" sizes=\"(max-width: 90px) 100vw, 90px\" \/><\/p>\n<p><strong>Type of massage jets<\/strong><\/p>\n<div class=\"modells\">\n<div class=\"modell-col\">\n<div><img loading=\"lazy\" decoding=\"async\" class=\"\" src=\"\/wp-content\/uploads\/2022\/07\/viskan_spa_punktmassage.png\" alt=\"\" width=\"59\" height=\"59\" \/>Fixed, directional, single-point massage<\/div>\n<div><img loading=\"lazy\" decoding=\"async\" class=\"\" src=\"\/wp-content\/uploads\/2022\/07\/viskan_spa_knadande_massage.png\" alt=\"\" width=\"59\" height=\"59\" \/>Pummelling massage<\/div>\n<div><img loading=\"lazy\" decoding=\"async\" class=\"\" src=\"\/wp-content\/uploads\/2022\/07\/viskan_spa_pulserande_massage.png\" alt=\"\" width=\"56\" height=\"56\" \/>Pulsating massage<\/div>\n<\/div>\n<\/div>\n<div><\/div>\n<div class=\"modells\">\n<div class=\"modell-col\">\n<div><img loading=\"lazy\" decoding=\"async\" class=\"\" src=\"\/wp-content\/uploads\/2022\/04\/viskan_spa__wifi_ikon.png\" alt=\"\" width=\"43\" height=\"42\" \/>Control the spa from a WiFi app on your mobile device. Available on this hot tub.<\/div>\n<div><\/div>\n<div><strong>SKALF\u00c4RGER<br \/>\n<img loading=\"lazy\" decoding=\"async\" class=\"alignnone wp-image-13735\" src=\"https:\/\/viskanspa-se.tbwebsite.com\/wp-content\/uploads\/2022\/04\/Skalfarg_vit-300x237.jpg\" alt=\"\" width=\"86\" height=\"68\" srcset=\"https:\/\/viskanspa-se.tbwebsite.com\/wp-content\/uploads\/2022\/04\/Skalfarg_vit-300x237.jpg 300w, https:\/\/viskanspa-se.tbwebsite.com\/wp-content\/uploads\/2022\/04\/Skalfarg_vit-297x235.jpg 297w, https:\/\/viskanspa-se.tbwebsite.com\/wp-content\/uploads\/2022\/04\/Skalfarg_vit-64x51.jpg 64w, https:\/\/viskanspa-se.tbwebsite.com\/wp-content\/uploads\/2022\/04\/Skalfarg_vit-15x12.jpg 15w, https:\/\/viskanspa-se.tbwebsite.com\/wp-content\/uploads\/2022\/04\/Skalfarg_vit.jpg 307w\" sizes=\"(max-width: 86px) 100vw, 86px\" \/><\/strong><\/div>\n<\/div>\n<\/div>\n<div><\/div>\n<div><b>PANELALTERNATIV<br \/>\n<\/b><img loading=\"lazy\" decoding=\"async\" class=\"alignnone wp-image-13733\" src=\"https:\/\/viskanspa-se.tbwebsite.com\/wp-content\/uploads\/2022\/04\/gra-Ljus-alumi-300x230.jpg\" alt=\"\" width=\"91\" height=\"70\" srcset=\"https:\/\/viskanspa-se.tbwebsite.com\/wp-content\/uploads\/2022\/04\/gra-Ljus-alumi-300x230.jpg 300w, https:\/\/viskanspa-se.tbwebsite.com\/wp-content\/uploads\/2022\/04\/gra-Ljus-alumi-scaled-297x228.jpg 297w, https:\/\/viskanspa-se.tbwebsite.com\/wp-content\/uploads\/2022\/04\/gra-Ljus-alumi-scaled-505x388.jpg 505w, https:\/\/viskanspa-se.tbwebsite.com\/wp-content\/uploads\/2022\/04\/gra-Ljus-alumi-scaled-64x49.jpg 64w, https:\/\/viskanspa-se.tbwebsite.com\/wp-content\/uploads\/2022\/04\/gra-Ljus-alumi-1024x786.jpg 1024w, https:\/\/viskanspa-se.tbwebsite.com\/wp-content\/uploads\/2022\/04\/gra-Ljus-alumi-768x590.jpg 768w, https:\/\/viskanspa-se.tbwebsite.com\/wp-content\/uploads\/2022\/04\/gra-Ljus-alumi-1536x1179.jpg 1536w, https:\/\/viskanspa-se.tbwebsite.com\/wp-content\/uploads\/2022\/04\/gra-Ljus-alumi-2048x1572.jpg 2048w, https:\/\/viskanspa-se.tbwebsite.com\/wp-content\/uploads\/2022\/04\/gra-Ljus-alumi-16x12.jpg 16w\" sizes=\"(max-width: 91px) 100vw, 91px\" \/> <img loading=\"lazy\" decoding=\"async\" class=\"alignnone wp-image-13734\" src=\"https:\/\/viskanspa-se.tbwebsite.com\/wp-content\/uploads\/2022\/04\/black-300x218.jpg\" alt=\"\" width=\"96\" height=\"70\" srcset=\"https:\/\/viskanspa-se.tbwebsite.com\/wp-content\/uploads\/2022\/04\/black-300x218.jpg 300w, https:\/\/viskanspa-se.tbwebsite.com\/wp-content\/uploads\/2022\/04\/black-scaled-297x216.jpg 297w, https:\/\/viskanspa-se.tbwebsite.com\/wp-content\/uploads\/2022\/04\/black-scaled-505x367.jpg 505w, https:\/\/viskanspa-se.tbwebsite.com\/wp-content\/uploads\/2022\/04\/black-scaled-64x46.jpg 64w, https:\/\/viskanspa-se.tbwebsite.com\/wp-content\/uploads\/2022\/04\/black-1024x743.jpg 1024w, https:\/\/viskanspa-se.tbwebsite.com\/wp-content\/uploads\/2022\/04\/black-768x557.jpg 768w, https:\/\/viskanspa-se.tbwebsite.com\/wp-content\/uploads\/2022\/04\/black-1536x1115.jpg 1536w, https:\/\/viskanspa-se.tbwebsite.com\/wp-content\/uploads\/2022\/04\/black-2048x1486.jpg 2048w, https:\/\/viskanspa-se.tbwebsite.com\/wp-content\/uploads\/2022\/04\/black-18x12.jpg 18w\" sizes=\"(max-width: 96px) 100vw, 96px\" \/><br \/>\nLjus alumi\u00a0 \u00a0 \u00a0 Svart alumi<\/div>","protected":false},"excerpt":{"rendered":"<h4>Stort bad som erbjuder det mesta.<\/h4>\n<p>Viskan Sand\u00f6 m\u00e4ter 230\u00d7230 cm och med ett f\u00f6r Viskan Spa signifikant baddjup.<\/p>\n<p>White edition ger mer !<\/p>\n<p>\u2022 Touchpanel III<\/p>\n<p>\u2022 3,8kW Titaniumv\u00e4rmare<\/p>\n<p>\u2022 Dual Speed pump<\/p>\n<p>\u2022 Helvit skalskiva<\/p>\n<p>\u2022 Vita jets<\/p>\n<p>\u2022 Svart eller ljus alumipanel\u00a0med inbyggd LED belysning<\/p>\n<p>\u2022 Weather Shield lock i svart<\/p>\n<p><strong>Rek.pris: 129 995 kr<\/strong><del><strong><br \/>\n<\/strong><\/del><\/p>","protected":false},"featured_media":613,"template":"","meta":{"_acf_changed":false},"product_brand":[],"product_cat":[57,62],"product_tag":[],"class_list":{"0":"post-612","1":"product","2":"type-product","3":"status-publish","4":"has-post-thumbnail","6":"product_cat-white-edition","7":"product_cat-for-aterforsaljare","9":"first","10":"instock","11":"taxable","12":"shipping-taxable","13":"purchasable","14":"product-type-simple"},"acf":[],"_links":{"self":[{"href":"https:\/\/viskanspa-se.tbwebsite.com\/en\/wp-json\/wp\/v2\/product\/612","targetHints":{"allow":["GET"]}}],"collection":[{"href":"https:\/\/viskanspa-se.tbwebsite.com\/en\/wp-json\/wp\/v2\/product"}],"about":[{"href":"https:\/\/viskanspa-se.tbwebsite.com\/en\/wp-json\/wp\/v2\/types\/product"}],"wp:featuredmedia":[{"embeddable":true,"href":"https:\/\/viskanspa-se.tbwebsite.com\/en\/wp-json\/wp\/v2\/media\/613"}],"wp:attachment":[{"href":"https:\/\/viskanspa-se.tbwebsite.com\/en\/wp-json\/wp\/v2\/media?parent=612"}],"wp:term":[{"taxonomy":"product_brand","embeddable":true,"href":"https:\/\/viskanspa-se.tbwebsite.com\/en\/wp-json\/wp\/v2\/product_brand?post=612"},{"taxonomy":"product_cat","embeddable":true,"href":"https:\/\/viskanspa-se.tbwebsite.com\/en\/wp-json\/wp\/v2\/product_cat?post=612"},{"taxonomy":"product_tag","embeddable":true,"href":"https:\/\/viskanspa-se.tbwebsite.com\/en\/wp-json\/wp\/v2\/product_tag?post=612"}],"curies":[{"name":"wp","href":"https:\/\/api.w.org\/{rel}","templated":true}]}}