{"id":6854,"date":"2022-07-11T13:25:59","date_gmt":"2022-07-11T13:25:59","guid":{"rendered":"https:\/\/viskanspa-se.tbwebsite.com\/?post_type=product&#038;p=6854"},"modified":"2025-02-28T13:36:36","modified_gmt":"2025-02-28T13:36:36","slug":"viskan-larko","status":"publish","type":"product","link":"https:\/\/viskanspa-se.tbwebsite.com\/en\/spabad\/s-serien\/viskan-larko\/","title":{"rendered":"Viskan L\u00e4rk\u00f6"},"content":{"rendered":"<p><strong>Number of seats<\/strong><\/p>\n<p><img decoding=\"async\" class=\"alignnone wp-image-6573\" src=\"https:\/\/viskanspa-se.tbwebsite.com\/wp-content\/uploads\/2022\/04\/viskan_spa_antal_platser.png\" alt=\"\" width=\"24\" height=\"60\" srcset=\"https:\/\/viskanspa-se.tbwebsite.com\/wp-content\/uploads\/2022\/04\/viskan_spa_antal_platser.png 40w, https:\/\/viskanspa-se.tbwebsite.com\/wp-content\/uploads\/2022\/04\/viskan_spa_antal_platser-5x12.png 5w\" sizes=\"(max-width: 24px) 100vw, 24px\" \/><img decoding=\"async\" class=\"alignnone wp-image-6573\" src=\"https:\/\/viskanspa-se.tbwebsite.com\/wp-content\/uploads\/2022\/04\/viskan_spa_antal_platser.png\" alt=\"\" width=\"24\" height=\"60\" srcset=\"https:\/\/viskanspa-se.tbwebsite.com\/wp-content\/uploads\/2022\/04\/viskan_spa_antal_platser.png 40w, https:\/\/viskanspa-se.tbwebsite.com\/wp-content\/uploads\/2022\/04\/viskan_spa_antal_platser-5x12.png 5w\" sizes=\"(max-width: 24px) 100vw, 24px\" \/><img decoding=\"async\" class=\"alignnone wp-image-6573\" src=\"https:\/\/viskanspa-se.tbwebsite.com\/wp-content\/uploads\/2022\/04\/viskan_spa_antal_platser.png\" alt=\"\" width=\"24\" height=\"60\" srcset=\"https:\/\/viskanspa-se.tbwebsite.com\/wp-content\/uploads\/2022\/04\/viskan_spa_antal_platser.png 40w, https:\/\/viskanspa-se.tbwebsite.com\/wp-content\/uploads\/2022\/04\/viskan_spa_antal_platser-5x12.png 5w\" sizes=\"(max-width: 24px) 100vw, 24px\" \/><img decoding=\"async\" class=\"alignnone wp-image-6573\" src=\"https:\/\/viskanspa-se.tbwebsite.com\/wp-content\/uploads\/2022\/04\/viskan_spa_antal_platser.png\" alt=\"\" width=\"24\" height=\"60\" srcset=\"https:\/\/viskanspa-se.tbwebsite.com\/wp-content\/uploads\/2022\/04\/viskan_spa_antal_platser.png 40w, https:\/\/viskanspa-se.tbwebsite.com\/wp-content\/uploads\/2022\/04\/viskan_spa_antal_platser-5x12.png 5w\" sizes=\"(max-width: 24px) 100vw, 24px\" \/><img decoding=\"async\" class=\"alignnone wp-image-6573\" src=\"https:\/\/viskanspa-se.tbwebsite.com\/wp-content\/uploads\/2022\/04\/viskan_spa_antal_platser.png\" alt=\"\" width=\"24\" height=\"60\" srcset=\"https:\/\/viskanspa-se.tbwebsite.com\/wp-content\/uploads\/2022\/04\/viskan_spa_antal_platser.png 40w, https:\/\/viskanspa-se.tbwebsite.com\/wp-content\/uploads\/2022\/04\/viskan_spa_antal_platser-5x12.png 5w\" sizes=\"(max-width: 24px) 100vw, 24px\" \/><\/p>\n<p><strong>Type of seats<\/strong><\/p>\n<p><img decoding=\"async\" class=\"alignnone wp-image-6574\" src=\"https:\/\/viskanspa-se.tbwebsite.com\/wp-content\/uploads\/2022\/04\/viskan_spa_platstyp_sittande.png\" alt=\"\" width=\"46\" height=\"60\" srcset=\"https:\/\/viskanspa-se.tbwebsite.com\/wp-content\/uploads\/2022\/04\/viskan_spa_platstyp_sittande.png 76w, https:\/\/viskanspa-se.tbwebsite.com\/wp-content\/uploads\/2022\/04\/viskan_spa_platstyp_sittande-64x83.png 64w, https:\/\/viskanspa-se.tbwebsite.com\/wp-content\/uploads\/2022\/04\/viskan_spa_platstyp_sittande-9x12.png 9w\" sizes=\"(max-width: 46px) 100vw, 46px\" \/> <img decoding=\"async\" class=\"alignnone wp-image-6575\" src=\"https:\/\/viskanspa-se.tbwebsite.com\/wp-content\/uploads\/2022\/04\/viskan_spa_platstyp_liggande.png\" alt=\"\" width=\"90\" height=\"60\" srcset=\"https:\/\/viskanspa-se.tbwebsite.com\/wp-content\/uploads\/2022\/04\/viskan_spa_platstyp_liggande.png 148w, https:\/\/viskanspa-se.tbwebsite.com\/wp-content\/uploads\/2022\/04\/viskan_spa_platstyp_liggande-64x43.png 64w, https:\/\/viskanspa-se.tbwebsite.com\/wp-content\/uploads\/2022\/04\/viskan_spa_platstyp_liggande-18x12.png 18w\" sizes=\"(max-width: 90px) 100vw, 90px\" \/><\/p>\n<p><strong>Type of massage jets<\/strong><\/p>\n<div class=\"modells\">\n<div class=\"modell-col\">\n<div><img decoding=\"async\" src=\"\/wp-content\/uploads\/2022\/07\/viskan_spa_punktmassage.png\" alt=\"\" \/>Fixed, directional, single-point massage<\/div>\n<div><img decoding=\"async\" src=\"\/wp-content\/uploads\/2022\/07\/viskan_spa_knadande_massage.png\" alt=\"\" \/>Pummelling massage<\/div>\n<div><img decoding=\"async\" src=\"\/wp-content\/uploads\/2022\/04\/viskan_spa__wifi_ikon.png\" alt=\"\" \/>Control the spa from a WiFi app on your mobile device. Available on this hot tub.<\/div>\n<\/div>\n<\/div>","protected":false},"excerpt":{"rendered":"<h4>A Hot Tub to thrive in<\/h4>\n<p>I ett Viskan Spa L\u00e4rk\u00f6 f\u00e5r du ett bad med riktbara massagejets f\u00f6r sk\u00f6n och v\u00e4lg\u00f6rande vattenmassage. Du f\u00e5r belysning i fast eller v\u00e4xlande sken och du f\u00e5r ett vattenreningssystem med antibakteriell slang och UV-C rening f\u00f6r enklare sk\u00f6tsel och underh\u00e5ll. Kort och gott, du f\u00e5r ett bad att trivas i. L\u00e4rk\u00f6 \u00e4r badet f\u00f6r dig som gillar ett bra baddjup, liggplats och bra vattenmassage, utan att g\u00f6ra avkall p\u00e5 kvaliteten. L\u00e4rk\u00f6 \u00e4r badet som ger dig m\u00e5nga sk\u00f6na badupplevelser f\u00f6r dig sj\u00e4lv eller tillsammans med dem du tycker om.<\/p>\n<p><strong>Rek.pris: 89 995 kr<\/strong><\/p>\n<p><a class=\"btn\" href=\"\/en\/valja-spabad\/\">See our guide on how to choose panel, shell color and cover here \u00bb<\/a><\/p>","protected":false},"featured_media":6855,"template":"","meta":{"_acf_changed":false},"product_brand":[],"product_cat":[55,62],"product_tag":[],"class_list":{"0":"post-6854","1":"product","2":"type-product","3":"status-publish","4":"has-post-thumbnail","6":"product_cat-s-serien","7":"product_cat-for-aterforsaljare","9":"first","10":"instock","11":"taxable","12":"shipping-taxable","13":"purchasable","14":"product-type-simple"},"acf":[],"_links":{"self":[{"href":"https:\/\/viskanspa-se.tbwebsite.com\/en\/wp-json\/wp\/v2\/product\/6854","targetHints":{"allow":["GET"]}}],"collection":[{"href":"https:\/\/viskanspa-se.tbwebsite.com\/en\/wp-json\/wp\/v2\/product"}],"about":[{"href":"https:\/\/viskanspa-se.tbwebsite.com\/en\/wp-json\/wp\/v2\/types\/product"}],"wp:featuredmedia":[{"embeddable":true,"href":"https:\/\/viskanspa-se.tbwebsite.com\/en\/wp-json\/wp\/v2\/media\/6855"}],"wp:attachment":[{"href":"https:\/\/viskanspa-se.tbwebsite.com\/en\/wp-json\/wp\/v2\/media?parent=6854"}],"wp:term":[{"taxonomy":"product_brand","embeddable":true,"href":"https:\/\/viskanspa-se.tbwebsite.com\/en\/wp-json\/wp\/v2\/product_brand?post=6854"},{"taxonomy":"product_cat","embeddable":true,"href":"https:\/\/viskanspa-se.tbwebsite.com\/en\/wp-json\/wp\/v2\/product_cat?post=6854"},{"taxonomy":"product_tag","embeddable":true,"href":"https:\/\/viskanspa-se.tbwebsite.com\/en\/wp-json\/wp\/v2\/product_tag?post=6854"}],"curies":[{"name":"wp","href":"https:\/\/api.w.org\/{rel}","templated":true}]}}