{"id":6888,"date":"2022-07-12T07:30:40","date_gmt":"2022-07-12T07:30:40","guid":{"rendered":"https:\/\/viskanspa-se.tbwebsite.com\/?post_type=product&#038;p=6888"},"modified":"2024-05-23T11:26:17","modified_gmt":"2024-05-23T11:26:17","slug":"spatouch-balboa-t2","status":"publish","type":"product","link":"https:\/\/viskanspa-se.tbwebsite.com\/en\/spabad\/reservdelar\/kontrollpaneler\/spatouch-balboa-t2\/","title":{"rendered":"Spatouch Balboa T2"},"content":{"rendered":"","protected":false},"excerpt":{"rendered":"<p>Balboa SpaTouch T2, touchsk\u00e4rm med enkel meny f\u00f6r inst\u00e4llningar och styrning av spabadet. Denna display kan ers\u00e4tta Spatouch art.nr 50843<\/p>\n<p>Passar Balboa BP-boxar<\/p>\n<p>&nbsp;<\/p>","protected":false},"featured_media":6889,"template":"","meta":{"_acf_changed":false},"product_brand":[],"product_cat":[84,77],"product_tag":[],"class_list":{"0":"post-6888","1":"product","2":"type-product","3":"status-publish","4":"has-post-thumbnail","6":"product_cat-kontrollpaneler","7":"product_cat-reservdelar","9":"first","10":"instock","11":"taxable","12":"shipping-taxable","13":"purchasable","14":"product-type-simple"},"acf":[],"_links":{"self":[{"href":"https:\/\/viskanspa-se.tbwebsite.com\/en\/wp-json\/wp\/v2\/product\/6888","targetHints":{"allow":["GET"]}}],"collection":[{"href":"https:\/\/viskanspa-se.tbwebsite.com\/en\/wp-json\/wp\/v2\/product"}],"about":[{"href":"https:\/\/viskanspa-se.tbwebsite.com\/en\/wp-json\/wp\/v2\/types\/product"}],"wp:featuredmedia":[{"embeddable":true,"href":"https:\/\/viskanspa-se.tbwebsite.com\/en\/wp-json\/wp\/v2\/media\/6889"}],"wp:attachment":[{"href":"https:\/\/viskanspa-se.tbwebsite.com\/en\/wp-json\/wp\/v2\/media?parent=6888"}],"wp:term":[{"taxonomy":"product_brand","embeddable":true,"href":"https:\/\/viskanspa-se.tbwebsite.com\/en\/wp-json\/wp\/v2\/product_brand?post=6888"},{"taxonomy":"product_cat","embeddable":true,"href":"https:\/\/viskanspa-se.tbwebsite.com\/en\/wp-json\/wp\/v2\/product_cat?post=6888"},{"taxonomy":"product_tag","embeddable":true,"href":"https:\/\/viskanspa-se.tbwebsite.com\/en\/wp-json\/wp\/v2\/product_tag?post=6888"}],"curies":[{"name":"wp","href":"https:\/\/api.w.org\/{rel}","templated":true}]}}