{"id":6897,"date":"2022-07-12T07:39:16","date_gmt":"2022-07-12T07:39:16","guid":{"rendered":"https:\/\/viskanspa-se.tbwebsite.com\/?post_type=product&#038;p=6897"},"modified":"2023-08-23T08:46:11","modified_gmt":"2023-08-23T08:46:11","slug":"blue-lagoon-uv-c-komplett","status":"publish","type":"product","link":"https:\/\/viskanspa-se.tbwebsite.com\/en\/spabad\/reservdelar\/rening\/blue-lagoon-uv-c-komplett\/","title":{"rendered":"Blue Lagoon UV-C, Komplett"},"content":{"rendered":"","protected":false},"excerpt":{"rendered":"<p>UV-C rening Blue Lagoon Spa 12W \u00e4r speciellt utformad f\u00f6r vatten med h\u00f6ga temperaturer (40 \u00b0C), s\u00e5som spa och badtunnor d\u00e4r utrymmet \u00e4r begr\u00e4nsat och en h\u00f6g desinfektionseffektivitet kr\u00e4vs.\u00a0Vid reningscyklerna eller n\u00e4r cirkulationspumpen \u00e4r ig\u00e5ng passerar vattnet genom enheten och UV-lampan neutraliserar effektiv och s\u00e4kert vattnet fr\u00e5n bakterier och virus. Enheten \u00e4r komplett med UV-C lampan som \u00e4r utvecklad av Philips.<\/p>\n<p>Vid anv\u00e4ndning av reningssystem kan behovet av kemikalier s\u00e5som klor, brom etc minskas vilket resulterar i renare och klarare vatten.<\/p>\n<p><a href=\"https:\/\/viskanspa-se.tbwebsite.com\/en\/spabad\/reservdelar\/rening\/blue-lagoon-uv-c-t5-21-w\/\"><em><strong>Utg\u00e5tt &#8211; Artikel 62310 Blue Lagoon UV-C T5 21W ers\u00e4tter<\/strong><\/em><\/a><\/p>\n<p>&nbsp;<\/p>\n<ul>\n<li>Diameter 59 mm<\/li>\n<li>L\u00e4ngd 40,5 cm<\/li>\n<li>230 V, 50 Hz<\/li>\n<li>UV-lampa 12 W<\/li>\n<li>Max tryck 1 bar<\/li>\n<li>Anslutning f\u00f6r 50 mm och 1,5\u201d medf\u00f6ljer<\/li>\n<\/ul>","protected":false},"featured_media":6898,"template":"","meta":{"_acf_changed":false},"product_brand":[],"product_cat":[78,77],"product_tag":[],"class_list":{"0":"post-6897","1":"product","2":"type-product","3":"status-publish","4":"has-post-thumbnail","6":"product_cat-rening","7":"product_cat-reservdelar","9":"first","10":"outofstock","11":"taxable","12":"shipping-taxable","13":"purchasable","14":"product-type-simple"},"acf":[],"_links":{"self":[{"href":"https:\/\/viskanspa-se.tbwebsite.com\/en\/wp-json\/wp\/v2\/product\/6897","targetHints":{"allow":["GET"]}}],"collection":[{"href":"https:\/\/viskanspa-se.tbwebsite.com\/en\/wp-json\/wp\/v2\/product"}],"about":[{"href":"https:\/\/viskanspa-se.tbwebsite.com\/en\/wp-json\/wp\/v2\/types\/product"}],"wp:featuredmedia":[{"embeddable":true,"href":"https:\/\/viskanspa-se.tbwebsite.com\/en\/wp-json\/wp\/v2\/media\/6898"}],"wp:attachment":[{"href":"https:\/\/viskanspa-se.tbwebsite.com\/en\/wp-json\/wp\/v2\/media?parent=6897"}],"wp:term":[{"taxonomy":"product_brand","embeddable":true,"href":"https:\/\/viskanspa-se.tbwebsite.com\/en\/wp-json\/wp\/v2\/product_brand?post=6897"},{"taxonomy":"product_cat","embeddable":true,"href":"https:\/\/viskanspa-se.tbwebsite.com\/en\/wp-json\/wp\/v2\/product_cat?post=6897"},{"taxonomy":"product_tag","embeddable":true,"href":"https:\/\/viskanspa-se.tbwebsite.com\/en\/wp-json\/wp\/v2\/product_tag?post=6897"}],"curies":[{"name":"wp","href":"https:\/\/api.w.org\/{rel}","templated":true}]}}