{"id":7002,"date":"2022-07-12T09:27:23","date_gmt":"2022-07-12T09:27:23","guid":{"rendered":"https:\/\/viskanspa-se.tbwebsite.com\/?post_type=product&#038;p=7002"},"modified":"2023-05-09T06:32:37","modified_gmt":"2023-05-09T06:32:37","slug":"returjet-cirkulation-15-gra","status":"publish","type":"product","link":"https:\/\/viskanspa-se.tbwebsite.com\/en\/spabad\/reservdelar\/in-utlopp\/returjet-cirkulation-15-gra\/","title":{"rendered":"Returjet cirkulation 1,5&#8243; gr\u00e5"},"content":{"rendered":"","protected":false},"excerpt":{"rendered":"<p>Returjet f\u00f6r cirkulationen, gr\u00e5 PVC med mutter. Returjetset t\u00e4tas med silikon p\u00e5 baksida bad innan mutter dras \u00e5t.<\/p>\n<p>Anslutning till 1,5&#8243; mm slang<\/p>\n<p>H\u00e5lstorlek i badet 60 mm<\/p>","protected":false},"featured_media":7004,"template":"","meta":{"_acf_changed":false},"product_brand":[],"product_cat":[101,77],"product_tag":[],"class_list":{"0":"post-7002","1":"product","2":"type-product","3":"status-publish","4":"has-post-thumbnail","6":"product_cat-in-utlopp","7":"product_cat-reservdelar","9":"first","10":"instock","11":"taxable","12":"shipping-taxable","13":"purchasable","14":"product-type-simple"},"acf":[],"_links":{"self":[{"href":"https:\/\/viskanspa-se.tbwebsite.com\/en\/wp-json\/wp\/v2\/product\/7002","targetHints":{"allow":["GET"]}}],"collection":[{"href":"https:\/\/viskanspa-se.tbwebsite.com\/en\/wp-json\/wp\/v2\/product"}],"about":[{"href":"https:\/\/viskanspa-se.tbwebsite.com\/en\/wp-json\/wp\/v2\/types\/product"}],"wp:featuredmedia":[{"embeddable":true,"href":"https:\/\/viskanspa-se.tbwebsite.com\/en\/wp-json\/wp\/v2\/media\/7004"}],"wp:attachment":[{"href":"https:\/\/viskanspa-se.tbwebsite.com\/en\/wp-json\/wp\/v2\/media?parent=7002"}],"wp:term":[{"taxonomy":"product_brand","embeddable":true,"href":"https:\/\/viskanspa-se.tbwebsite.com\/en\/wp-json\/wp\/v2\/product_brand?post=7002"},{"taxonomy":"product_cat","embeddable":true,"href":"https:\/\/viskanspa-se.tbwebsite.com\/en\/wp-json\/wp\/v2\/product_cat?post=7002"},{"taxonomy":"product_tag","embeddable":true,"href":"https:\/\/viskanspa-se.tbwebsite.com\/en\/wp-json\/wp\/v2\/product_tag?post=7002"}],"curies":[{"name":"wp","href":"https:\/\/api.w.org\/{rel}","templated":true}]}}