{"id":7006,"date":"2022-07-12T09:58:36","date_gmt":"2022-07-12T09:58:36","guid":{"rendered":"https:\/\/viskanspa-se.tbwebsite.com\/?post_type=product&#038;p=7006"},"modified":"2024-05-15T13:44:22","modified_gmt":"2024-05-15T13:44:22","slug":"bakstycke","status":"publish","type":"product","link":"https:\/\/viskanspa-se.tbwebsite.com\/en\/spabad\/reservdelar\/jets\/bakstycke\/","title":{"rendered":"Bakstycke Viskan jets"},"content":{"rendered":"","protected":false},"excerpt":{"rendered":"<p>Bakstycke till Viskan Jets i SQR-serien. En specialpackning anv\u00e4nds till varje bakstycke vilket inneb\u00e4r att inget silikon eller mutter anv\u00e4nds. F\u00f6r att f\u00e5 in bakstycket genom packningen beh\u00f6vs ett sm\u00f6rjmedel\/glidmedel som ej \u00e4r l\u00f6ddrande<\/p>\n<p>(OBS, packning m\u00e5ste best\u00e4llas i samma storlek f\u00f6r montering)<\/p>\n<p>Vattenanslutning 3\/4&#8243; eller 20 mm slang, luftanslutning 3\/8&#8243; eller 10 mm slang<\/p>","protected":false},"featured_media":8516,"template":"","meta":{"_acf_changed":false},"product_brand":[],"product_cat":[93,77],"product_tag":[],"class_list":{"0":"post-7006","1":"product","2":"type-product","3":"status-publish","4":"has-post-thumbnail","6":"product_cat-jets","7":"product_cat-reservdelar","9":"first","10":"instock","11":"taxable","12":"shipping-taxable","13":"purchasable","14":"product-type-variable"},"acf":[],"_links":{"self":[{"href":"https:\/\/viskanspa-se.tbwebsite.com\/en\/wp-json\/wp\/v2\/product\/7006","targetHints":{"allow":["GET"]}}],"collection":[{"href":"https:\/\/viskanspa-se.tbwebsite.com\/en\/wp-json\/wp\/v2\/product"}],"about":[{"href":"https:\/\/viskanspa-se.tbwebsite.com\/en\/wp-json\/wp\/v2\/types\/product"}],"wp:featuredmedia":[{"embeddable":true,"href":"https:\/\/viskanspa-se.tbwebsite.com\/en\/wp-json\/wp\/v2\/media\/8516"}],"wp:attachment":[{"href":"https:\/\/viskanspa-se.tbwebsite.com\/en\/wp-json\/wp\/v2\/media?parent=7006"}],"wp:term":[{"taxonomy":"product_brand","embeddable":true,"href":"https:\/\/viskanspa-se.tbwebsite.com\/en\/wp-json\/wp\/v2\/product_brand?post=7006"},{"taxonomy":"product_cat","embeddable":true,"href":"https:\/\/viskanspa-se.tbwebsite.com\/en\/wp-json\/wp\/v2\/product_cat?post=7006"},{"taxonomy":"product_tag","embeddable":true,"href":"https:\/\/viskanspa-se.tbwebsite.com\/en\/wp-json\/wp\/v2\/product_tag?post=7006"}],"curies":[{"name":"wp","href":"https:\/\/api.w.org\/{rel}","templated":true}]}}