{"id":7019,"date":"2022-07-12T11:47:46","date_gmt":"2022-07-12T11:47:46","guid":{"rendered":"https:\/\/viskanspa-se.tbwebsite.com\/?post_type=product&#038;p=7019"},"modified":"2024-05-14T13:50:51","modified_gmt":"2024-05-14T13:50:51","slug":"sqr-packning-till-viskan-spa-bakstycke","status":"publish","type":"product","link":"https:\/\/viskanspa-se.tbwebsite.com\/en\/spabad\/reservdelar\/jets\/sqr-packning-till-viskan-spa-bakstycke\/","title":{"rendered":"SQR-packning till Viskan Spa bakstycke"},"content":{"rendered":"","protected":false},"excerpt":{"rendered":"<p>En specialpackning som anv\u00e4nds till varje Viskan Spas bakstycke i SQR-serien vilket inneb\u00e4r att inget silikon eller mutter anv\u00e4nds. F\u00f6r att f\u00e5 in bakstycket genom packningen beh\u00f6vs ett sm\u00f6rjmedel\/glidmedel som ej \u00e4r l\u00f6ddrande<\/p>\n<p>H\u00e5lstorlek i badet:<\/p>\n<ul>\n<li>2&#8243; 42,2 mm<\/li>\n<li>3&#8243;-3,5&#8243; 59,5 mm<\/li>\n<li>4&#8243; 75 mm<\/li>\n<li>5&#8243; 100,8 mm<\/li>\n<\/ul>","protected":false},"featured_media":7512,"template":"","meta":{"_acf_changed":false},"product_brand":[],"product_cat":[93,77,101],"product_tag":[],"class_list":{"0":"post-7019","1":"product","2":"type-product","3":"status-publish","4":"has-post-thumbnail","6":"product_cat-jets","7":"product_cat-reservdelar","8":"product_cat-in-utlopp","10":"first","11":"instock","12":"taxable","13":"shipping-taxable","14":"purchasable","15":"product-type-variable"},"acf":[],"_links":{"self":[{"href":"https:\/\/viskanspa-se.tbwebsite.com\/en\/wp-json\/wp\/v2\/product\/7019","targetHints":{"allow":["GET"]}}],"collection":[{"href":"https:\/\/viskanspa-se.tbwebsite.com\/en\/wp-json\/wp\/v2\/product"}],"about":[{"href":"https:\/\/viskanspa-se.tbwebsite.com\/en\/wp-json\/wp\/v2\/types\/product"}],"wp:featuredmedia":[{"embeddable":true,"href":"https:\/\/viskanspa-se.tbwebsite.com\/en\/wp-json\/wp\/v2\/media\/7512"}],"wp:attachment":[{"href":"https:\/\/viskanspa-se.tbwebsite.com\/en\/wp-json\/wp\/v2\/media?parent=7019"}],"wp:term":[{"taxonomy":"product_brand","embeddable":true,"href":"https:\/\/viskanspa-se.tbwebsite.com\/en\/wp-json\/wp\/v2\/product_brand?post=7019"},{"taxonomy":"product_cat","embeddable":true,"href":"https:\/\/viskanspa-se.tbwebsite.com\/en\/wp-json\/wp\/v2\/product_cat?post=7019"},{"taxonomy":"product_tag","embeddable":true,"href":"https:\/\/viskanspa-se.tbwebsite.com\/en\/wp-json\/wp\/v2\/product_tag?post=7019"}],"curies":[{"name":"wp","href":"https:\/\/api.w.org\/{rel}","templated":true}]}}