{"id":7104,"date":"2022-07-12T13:24:12","date_gmt":"2022-07-12T13:24:12","guid":{"rendered":"https:\/\/viskanspa-se.tbwebsite.com\/?post_type=product&#038;p=7104"},"modified":"2024-08-15T09:15:27","modified_gmt":"2024-08-15T09:15:27","slug":"locklyft-iii","status":"publish","type":"product","link":"https:\/\/viskanspa-se.tbwebsite.com\/en\/spabad\/tillbehor\/locklyft-iii\/","title":{"rendered":"Lid lift 3"},"content":{"rendered":"","protected":false},"excerpt":{"rendered":"<p>A cover lift that\u2019s suitable for most hot tubs, whether they\u2019re free-standing\nor sunk into a patio. The lift\nis attached to the upper\npart of the panel.<\/p>\n<p>LID LIFT 3 fits all our square baths.<\/p>\n<p>If you are to order or install a Cover Lift for Viskan Stj\u00e4rn\u00f6 or Viskan Lov\u00f6, which are considered our smaller Hot Tubs, you need to cut or remove roughly a decimeter of the swinging arm or the lifting arm.<\/p>\n<p><strong>Rek.pris: 3 995kr<\/strong><\/p>","protected":false},"featured_media":7105,"template":"","meta":{"_acf_changed":false},"product_brand":[],"product_cat":[58,62],"product_tag":[],"class_list":{"0":"post-7104","1":"product","2":"type-product","3":"status-publish","4":"has-post-thumbnail","6":"product_cat-tillbehor","7":"product_cat-for-aterforsaljare","9":"first","10":"instock","11":"taxable","12":"shipping-taxable","13":"purchasable","14":"product-type-simple"},"acf":[],"_links":{"self":[{"href":"https:\/\/viskanspa-se.tbwebsite.com\/en\/wp-json\/wp\/v2\/product\/7104","targetHints":{"allow":["GET"]}}],"collection":[{"href":"https:\/\/viskanspa-se.tbwebsite.com\/en\/wp-json\/wp\/v2\/product"}],"about":[{"href":"https:\/\/viskanspa-se.tbwebsite.com\/en\/wp-json\/wp\/v2\/types\/product"}],"wp:featuredmedia":[{"embeddable":true,"href":"https:\/\/viskanspa-se.tbwebsite.com\/en\/wp-json\/wp\/v2\/media\/7105"}],"wp:attachment":[{"href":"https:\/\/viskanspa-se.tbwebsite.com\/en\/wp-json\/wp\/v2\/media?parent=7104"}],"wp:term":[{"taxonomy":"product_brand","embeddable":true,"href":"https:\/\/viskanspa-se.tbwebsite.com\/en\/wp-json\/wp\/v2\/product_brand?post=7104"},{"taxonomy":"product_cat","embeddable":true,"href":"https:\/\/viskanspa-se.tbwebsite.com\/en\/wp-json\/wp\/v2\/product_cat?post=7104"},{"taxonomy":"product_tag","embeddable":true,"href":"https:\/\/viskanspa-se.tbwebsite.com\/en\/wp-json\/wp\/v2\/product_tag?post=7104"}],"curies":[{"name":"wp","href":"https:\/\/api.w.org\/{rel}","templated":true}]}}