{"id":7151,"date":"2022-07-12T13:45:48","date_gmt":"2022-07-12T13:45:48","guid":{"rendered":"https:\/\/viskanspa-se.tbwebsite.com\/?post_type=product&#038;p=7151"},"modified":"2023-05-09T06:32:58","modified_gmt":"2023-05-09T06:32:58","slug":"teststickor-oxygen-ph-alkalinitet","status":"publish","type":"product","link":"https:\/\/viskanspa-se.tbwebsite.com\/en\/spabad\/tillbehor\/teststickor-oxygen-ph-alkalinitet\/","title":{"rendered":"Test Strips Oxygen\/PH\/Alkalinity"},"content":{"rendered":"","protected":false},"excerpt":{"rendered":"<p>Teststickor f\u00f6r Oxygen\/pH\/Alkalinitet, 10st<\/p>\n<p>Teststickor f\u00f6r att m\u00e4ta aktivt syre samt pH- och alkaliv\u00e4rdet i ditt spabad. H\u00e5ll enkelt koll p\u00e5 spavattnets v\u00e4rden med dessa l\u00e4ttanv\u00e4nda teststickor. Bra vattenv\u00e4rden minskar risken f\u00f6r hud- och \u00f6gonirritation samt s\u00e4kerst\u00e4ller god vattenhygien.<\/p>\n<p><strong>Rek.pris: 99kr<\/strong><\/p>","protected":false},"featured_media":7152,"template":"","meta":{"_acf_changed":false},"product_brand":[],"product_cat":[58,62],"product_tag":[],"class_list":{"0":"post-7151","1":"product","2":"type-product","3":"status-publish","4":"has-post-thumbnail","6":"product_cat-tillbehor","7":"product_cat-for-aterforsaljare","9":"first","10":"instock","11":"taxable","12":"shipping-taxable","13":"purchasable","14":"product-type-simple"},"acf":[],"_links":{"self":[{"href":"https:\/\/viskanspa-se.tbwebsite.com\/en\/wp-json\/wp\/v2\/product\/7151","targetHints":{"allow":["GET"]}}],"collection":[{"href":"https:\/\/viskanspa-se.tbwebsite.com\/en\/wp-json\/wp\/v2\/product"}],"about":[{"href":"https:\/\/viskanspa-se.tbwebsite.com\/en\/wp-json\/wp\/v2\/types\/product"}],"wp:featuredmedia":[{"embeddable":true,"href":"https:\/\/viskanspa-se.tbwebsite.com\/en\/wp-json\/wp\/v2\/media\/7152"}],"wp:attachment":[{"href":"https:\/\/viskanspa-se.tbwebsite.com\/en\/wp-json\/wp\/v2\/media?parent=7151"}],"wp:term":[{"taxonomy":"product_brand","embeddable":true,"href":"https:\/\/viskanspa-se.tbwebsite.com\/en\/wp-json\/wp\/v2\/product_brand?post=7151"},{"taxonomy":"product_cat","embeddable":true,"href":"https:\/\/viskanspa-se.tbwebsite.com\/en\/wp-json\/wp\/v2\/product_cat?post=7151"},{"taxonomy":"product_tag","embeddable":true,"href":"https:\/\/viskanspa-se.tbwebsite.com\/en\/wp-json\/wp\/v2\/product_tag?post=7151"}],"curies":[{"name":"wp","href":"https:\/\/api.w.org\/{rel}","templated":true}]}}