{"id":7157,"date":"2022-07-12T13:47:56","date_gmt":"2022-07-12T13:47:56","guid":{"rendered":"https:\/\/viskanspa-se.tbwebsite.com\/?post_type=product&#038;p=7157"},"modified":"2023-05-09T06:32:58","modified_gmt":"2023-05-09T06:32:58","slug":"teststickor-spacheck-7in1","status":"publish","type":"product","link":"https:\/\/viskanspa-se.tbwebsite.com\/en\/spabad\/tillbehor\/teststickor-spacheck-7in1\/","title":{"rendered":"Test Strips Spa Check 7in1"},"content":{"rendered":"","protected":false},"excerpt":{"rendered":"<p>Teststickor Spacheck 7 in 1, 50st<\/p>\n<p>F\u00e5 7 viktiga testresultat p\u00e5 bara en sticka, du f\u00e5r testresultat p\u00e5 n\u00e5gra sekunder! Det \u00e4r en bra id\u00e9 att skriva ner dina resultat varje g\u00e5ng du testar.<\/p>\n<p>Tester f\u00f6r 7 resultat<\/p>\n<p>Vattenh\u00e5rdhet<\/p>\n<p>Chlorine<\/p>\n<p>Brom<\/p>\n<p>Fritt klor<\/p>\n<p>pH<\/p>\n<p>Alkalinitet<\/p>\n<p>Cyanursyra<\/p>\n<p><strong>Rek.pris: 299kr<\/strong><\/p>","protected":false},"featured_media":7158,"template":"","meta":{"_acf_changed":false},"product_brand":[],"product_cat":[58,62],"product_tag":[],"class_list":{"0":"post-7157","1":"product","2":"type-product","3":"status-publish","4":"has-post-thumbnail","6":"product_cat-tillbehor","7":"product_cat-for-aterforsaljare","9":"first","10":"instock","11":"taxable","12":"shipping-taxable","13":"purchasable","14":"product-type-simple"},"acf":[],"_links":{"self":[{"href":"https:\/\/viskanspa-se.tbwebsite.com\/en\/wp-json\/wp\/v2\/product\/7157","targetHints":{"allow":["GET"]}}],"collection":[{"href":"https:\/\/viskanspa-se.tbwebsite.com\/en\/wp-json\/wp\/v2\/product"}],"about":[{"href":"https:\/\/viskanspa-se.tbwebsite.com\/en\/wp-json\/wp\/v2\/types\/product"}],"wp:featuredmedia":[{"embeddable":true,"href":"https:\/\/viskanspa-se.tbwebsite.com\/en\/wp-json\/wp\/v2\/media\/7158"}],"wp:attachment":[{"href":"https:\/\/viskanspa-se.tbwebsite.com\/en\/wp-json\/wp\/v2\/media?parent=7157"}],"wp:term":[{"taxonomy":"product_brand","embeddable":true,"href":"https:\/\/viskanspa-se.tbwebsite.com\/en\/wp-json\/wp\/v2\/product_brand?post=7157"},{"taxonomy":"product_cat","embeddable":true,"href":"https:\/\/viskanspa-se.tbwebsite.com\/en\/wp-json\/wp\/v2\/product_cat?post=7157"},{"taxonomy":"product_tag","embeddable":true,"href":"https:\/\/viskanspa-se.tbwebsite.com\/en\/wp-json\/wp\/v2\/product_tag?post=7157"}],"curies":[{"name":"wp","href":"https:\/\/api.w.org\/{rel}","templated":true}]}}