{"id":7176,"date":"2022-07-12T13:55:32","date_gmt":"2022-07-12T13:55:32","guid":{"rendered":"https:\/\/viskanspa-se.tbwebsite.com\/?post_type=product&#038;p=7176"},"modified":"2024-05-15T14:08:56","modified_gmt":"2024-05-15T14:08:56","slug":"cover-care","status":"publish","type":"product","link":"https:\/\/viskanspa-se.tbwebsite.com\/en\/spabad\/tillbehor\/cover-care\/","title":{"rendered":"Cover Care"},"content":{"rendered":"","protected":false},"excerpt":{"rendered":"<p>Det \u00e4r inte bara sj\u00e4lva spabadskaret som beh\u00f6ver regelbunden v\u00e5rd. Det beh\u00f6ver \u00e4ven h\u00f6ljet (termolocket) om det ska h\u00e5lla sig vackert s\u00e5 l\u00e5ng tid som m\u00f6jligt.<\/p>\n<p>Med SpaCare Cover Care Box \u00e4r du i goda h\u00e4nder. SpaCare Cover Care Box inneh\u00e5ller Cover Cleaner och Cover Protect, som reng\u00f6r respektive impregnerar ditt h\u00f6lje, samt en reng\u00f6ringssvamp och en mikrofibertrasa f\u00f6r p\u00e5f\u00f6ring av produkterna.<\/p>\n<p>F\u00f6r att f\u00e5 maximalt skydd av ditt h\u00f6lje b\u00f6r SpaCare Cover Care-produkterna anv\u00e4ndas 3\u20134 g\u00e5nger om \u00e5ret.<\/p>\n<p>&nbsp;<\/p>","protected":false},"featured_media":7177,"template":"","meta":{"_acf_changed":false},"product_brand":[],"product_cat":[58,62],"product_tag":[],"class_list":{"0":"post-7176","1":"product","2":"type-product","3":"status-publish","4":"has-post-thumbnail","6":"product_cat-tillbehor","7":"product_cat-for-aterforsaljare","9":"first","10":"instock","11":"taxable","12":"shipping-taxable","13":"purchasable","14":"product-type-simple"},"acf":[],"_links":{"self":[{"href":"https:\/\/viskanspa-se.tbwebsite.com\/en\/wp-json\/wp\/v2\/product\/7176","targetHints":{"allow":["GET"]}}],"collection":[{"href":"https:\/\/viskanspa-se.tbwebsite.com\/en\/wp-json\/wp\/v2\/product"}],"about":[{"href":"https:\/\/viskanspa-se.tbwebsite.com\/en\/wp-json\/wp\/v2\/types\/product"}],"wp:featuredmedia":[{"embeddable":true,"href":"https:\/\/viskanspa-se.tbwebsite.com\/en\/wp-json\/wp\/v2\/media\/7177"}],"wp:attachment":[{"href":"https:\/\/viskanspa-se.tbwebsite.com\/en\/wp-json\/wp\/v2\/media?parent=7176"}],"wp:term":[{"taxonomy":"product_brand","embeddable":true,"href":"https:\/\/viskanspa-se.tbwebsite.com\/en\/wp-json\/wp\/v2\/product_brand?post=7176"},{"taxonomy":"product_cat","embeddable":true,"href":"https:\/\/viskanspa-se.tbwebsite.com\/en\/wp-json\/wp\/v2\/product_cat?post=7176"},{"taxonomy":"product_tag","embeddable":true,"href":"https:\/\/viskanspa-se.tbwebsite.com\/en\/wp-json\/wp\/v2\/product_tag?post=7176"}],"curies":[{"name":"wp","href":"https:\/\/api.w.org\/{rel}","templated":true}]}}