{"id":7182,"date":"2022-07-12T14:18:43","date_gmt":"2022-07-12T14:18:43","guid":{"rendered":"https:\/\/viskanspa-se.tbwebsite.com\/?post_type=product&#038;p=7182"},"modified":"2023-05-09T06:32:59","modified_gmt":"2023-05-09T06:32:59","slug":"minichlor","status":"publish","type":"product","link":"https:\/\/viskanspa-se.tbwebsite.com\/en\/spabad\/vattenvard\/minichlor\/","title":{"rendered":"Mini Chlorine"},"content":{"rendered":"","protected":false},"excerpt":{"rendered":"<p>SpaCare Minichlor<\/p>\n<p>SpaCare MiniChlor s\u00e4kerst\u00e4ller vattenhygienen f\u00f6r ditt spabad. SpaCare MiniChlor har en klassisk klordoft och \u00e4r en av v\u00e5ra h\u00f6gkvalitativa standardprodukter som \u00e4r tillverkade i renast kvalitet \u2013 utan tillsats av on\u00f6diga kemikalier. Med tillsats av SpaCare MiniChlor blir vattnet rent och bakteriefritt, s\u00e5 att alla i spabadet kan r\u00f6ra sig obehindrat \u2013 \u00e4ven de allra minsta. SpaCare MiniChlor tills\u00e4tts 10 minuter f\u00f6re bad, och kan anv\u00e4ndas i spabad av alla storlekar.<\/p>\n<p>F\u00f6rp. 1 kg<\/p>\n<p><strong>Rek.pris: 249kr<\/strong><\/p>","protected":false},"featured_media":8435,"template":"","meta":{"_acf_changed":false},"product_brand":[],"product_cat":[61,62,103],"product_tag":[],"class_list":{"0":"post-7182","1":"product","2":"type-product","3":"status-publish","4":"has-post-thumbnail","6":"product_cat-vattenvard","7":"product_cat-for-aterforsaljare","8":"product_cat-klor","10":"first","11":"instock","12":"taxable","13":"shipping-taxable","14":"purchasable","15":"product-type-simple"},"acf":[],"_links":{"self":[{"href":"https:\/\/viskanspa-se.tbwebsite.com\/en\/wp-json\/wp\/v2\/product\/7182","targetHints":{"allow":["GET"]}}],"collection":[{"href":"https:\/\/viskanspa-se.tbwebsite.com\/en\/wp-json\/wp\/v2\/product"}],"about":[{"href":"https:\/\/viskanspa-se.tbwebsite.com\/en\/wp-json\/wp\/v2\/types\/product"}],"wp:featuredmedia":[{"embeddable":true,"href":"https:\/\/viskanspa-se.tbwebsite.com\/en\/wp-json\/wp\/v2\/media\/8435"}],"wp:attachment":[{"href":"https:\/\/viskanspa-se.tbwebsite.com\/en\/wp-json\/wp\/v2\/media?parent=7182"}],"wp:term":[{"taxonomy":"product_brand","embeddable":true,"href":"https:\/\/viskanspa-se.tbwebsite.com\/en\/wp-json\/wp\/v2\/product_brand?post=7182"},{"taxonomy":"product_cat","embeddable":true,"href":"https:\/\/viskanspa-se.tbwebsite.com\/en\/wp-json\/wp\/v2\/product_cat?post=7182"},{"taxonomy":"product_tag","embeddable":true,"href":"https:\/\/viskanspa-se.tbwebsite.com\/en\/wp-json\/wp\/v2\/product_tag?post=7182"}],"curies":[{"name":"wp","href":"https:\/\/api.w.org\/{rel}","templated":true}]}}