{"id":7184,"date":"2022-07-12T14:21:48","date_gmt":"2022-07-12T14:21:48","guid":{"rendered":"https:\/\/viskanspa-se.tbwebsite.com\/?post_type=product&#038;p=7184"},"modified":"2023-07-06T06:19:19","modified_gmt":"2023-07-06T06:19:19","slug":"sunwac-12","status":"publish","type":"product","link":"https:\/\/viskanspa-se.tbwebsite.com\/en\/spabad\/vattenvard\/sunwac-12\/","title":{"rendered":"Sunwac 12"},"content":{"rendered":"","protected":false},"excerpt":{"rendered":"<p class=\"p1\">SpaCare Sunwac 12<\/p>\n<p>SunWac 12-tabletterna \u00e4r Skandinaviens mest s\u00e5lda spabadsprodukt, och \u00e4r storebror till SunWac 9.\u00a0Med SunWac 12 f\u00e5r du rent och v\u00e4lluktande vatten i ditt spabad. Produkten har ett tillsatt organiskt egyptiskt mintextrakt, som ger vattnet en h\u00e4rlig, avslappnande doft, samtidigt som klorinneh\u00e5llet i tabletten s\u00e4kerst\u00e4ller att du badar i rent vatten.\u00a0Tabletterna \u00e4r utvecklade i Danmark och passar till alla typer av vatten i Skandinavien.\u00a0SunWac 12-tabletterna ska bara tills\u00e4ttas f\u00f6re och efter bad \u2013 och med en dos som beror p\u00e5 hur stort ditt spabad \u00e4r. P\u00e5 det s\u00e4ttet slipper du tidskr\u00e4vande klorm\u00e4tningar och besv\u00e4rliga doseringsinstruktioner. Tills\u00e4tt bara 1 tablett f\u00f6re bad och 1 tablett efter bad (f\u00f6r spabad med 1000\u20131500 liter vatten).<\/p>\n<p>Det \u00e4r wellness och renlighet i en och samma produkt.<\/p>\n<p>F\u00f6rp. 100 tabletter<\/p>\n<p>Hur mycket ska du tills\u00e4tta? Anv\u00e4nd SpaCare\u00b4s\u00a0<a class=\"open-spaberegner\" href=\"https:\/\/spacare.se\/spabadsraknare\" target=\"_blank\" rel=\"noopener\">spabadsr\u00e4knare<\/a>.<\/p>\n<p>&nbsp;<\/p>","protected":false},"featured_media":8433,"template":"","meta":{"_acf_changed":false},"product_brand":[],"product_cat":[61,62,103],"product_tag":[],"class_list":{"0":"post-7184","1":"product","2":"type-product","3":"status-publish","4":"has-post-thumbnail","6":"product_cat-vattenvard","7":"product_cat-for-aterforsaljare","8":"product_cat-klor","10":"first","11":"instock","12":"taxable","13":"shipping-taxable","14":"purchasable","15":"product-type-simple"},"acf":[],"_links":{"self":[{"href":"https:\/\/viskanspa-se.tbwebsite.com\/en\/wp-json\/wp\/v2\/product\/7184","targetHints":{"allow":["GET"]}}],"collection":[{"href":"https:\/\/viskanspa-se.tbwebsite.com\/en\/wp-json\/wp\/v2\/product"}],"about":[{"href":"https:\/\/viskanspa-se.tbwebsite.com\/en\/wp-json\/wp\/v2\/types\/product"}],"wp:featuredmedia":[{"embeddable":true,"href":"https:\/\/viskanspa-se.tbwebsite.com\/en\/wp-json\/wp\/v2\/media\/8433"}],"wp:attachment":[{"href":"https:\/\/viskanspa-se.tbwebsite.com\/en\/wp-json\/wp\/v2\/media?parent=7184"}],"wp:term":[{"taxonomy":"product_brand","embeddable":true,"href":"https:\/\/viskanspa-se.tbwebsite.com\/en\/wp-json\/wp\/v2\/product_brand?post=7184"},{"taxonomy":"product_cat","embeddable":true,"href":"https:\/\/viskanspa-se.tbwebsite.com\/en\/wp-json\/wp\/v2\/product_cat?post=7184"},{"taxonomy":"product_tag","embeddable":true,"href":"https:\/\/viskanspa-se.tbwebsite.com\/en\/wp-json\/wp\/v2\/product_tag?post=7184"}],"curies":[{"name":"wp","href":"https:\/\/api.w.org\/{rel}","templated":true}]}}