{"id":7192,"date":"2022-07-12T14:53:01","date_gmt":"2022-07-12T14:53:01","guid":{"rendered":"https:\/\/viskanspa-se.tbwebsite.com\/?post_type=product&#038;p=7192"},"modified":"2023-07-06T06:22:26","modified_gmt":"2023-07-06T06:22:26","slug":"oxybox","status":"publish","type":"product","link":"https:\/\/viskanspa-se.tbwebsite.com\/en\/spabad\/vattenvard\/oxybox\/","title":{"rendered":"Oxybox"},"content":{"rendered":"","protected":false},"excerpt":{"rendered":"<p>SpaCare Oxybox<\/p>\n<p>SpaCare OxyBox \u00e4r ett modernt, bekv\u00e4mt och luktfritt alternativ till klor- och bromhaltiga desinfektionsmedel.<\/p>\n<p>Inneh\u00e5ller:<\/p>\n<p>SpaCare Active Oxygen Granular (A)<\/p>\n<p>SpaCare Oxy Plus Activator Liquid (B) och en sats med syre- och pH-teststickor.<\/p>\n<p>SpaCare Oxy Plus Activator Liquid anv\u00e4nds tillsammans med SpaCare Active Oxygen Granular f\u00f6r att skapa ett effektivt desinfektionssystem f\u00f6r ditt spabad.<\/p>\n<p>&nbsp;<\/p>","protected":false},"featured_media":8653,"template":"","meta":{"_acf_changed":false},"product_brand":[],"product_cat":[61,62],"product_tag":[],"class_list":{"0":"post-7192","1":"product","2":"type-product","3":"status-publish","4":"has-post-thumbnail","6":"product_cat-vattenvard","7":"product_cat-for-aterforsaljare","9":"first","10":"instock","11":"taxable","12":"shipping-taxable","13":"purchasable","14":"product-type-simple"},"acf":[],"_links":{"self":[{"href":"https:\/\/viskanspa-se.tbwebsite.com\/en\/wp-json\/wp\/v2\/product\/7192","targetHints":{"allow":["GET"]}}],"collection":[{"href":"https:\/\/viskanspa-se.tbwebsite.com\/en\/wp-json\/wp\/v2\/product"}],"about":[{"href":"https:\/\/viskanspa-se.tbwebsite.com\/en\/wp-json\/wp\/v2\/types\/product"}],"wp:featuredmedia":[{"embeddable":true,"href":"https:\/\/viskanspa-se.tbwebsite.com\/en\/wp-json\/wp\/v2\/media\/8653"}],"wp:attachment":[{"href":"https:\/\/viskanspa-se.tbwebsite.com\/en\/wp-json\/wp\/v2\/media?parent=7192"}],"wp:term":[{"taxonomy":"product_brand","embeddable":true,"href":"https:\/\/viskanspa-se.tbwebsite.com\/en\/wp-json\/wp\/v2\/product_brand?post=7192"},{"taxonomy":"product_cat","embeddable":true,"href":"https:\/\/viskanspa-se.tbwebsite.com\/en\/wp-json\/wp\/v2\/product_cat?post=7192"},{"taxonomy":"product_tag","embeddable":true,"href":"https:\/\/viskanspa-se.tbwebsite.com\/en\/wp-json\/wp\/v2\/product_tag?post=7192"}],"curies":[{"name":"wp","href":"https:\/\/api.w.org\/{rel}","templated":true}]}}