{"id":7194,"date":"2022-07-13T06:29:55","date_gmt":"2022-07-13T06:29:55","guid":{"rendered":"https:\/\/viskanspa-se.tbwebsite.com\/?post_type=product&#038;p=7194"},"modified":"2024-05-21T09:50:43","modified_gmt":"2024-05-21T09:50:43","slug":"active-oxygen-granular-a","status":"publish","type":"product","link":"https:\/\/viskanspa-se.tbwebsite.com\/en\/spabad\/vattenvard\/active-oxygen-granular-a\/","title":{"rendered":"Active Oxygen Granular (A)"},"content":{"rendered":"","protected":false},"excerpt":{"rendered":"<p>SpaCare Active Oxygen Granular (A)<\/p>\n<p>SpaCare Active Oxygen Granular anv\u00e4nds med SpaCare Oxy Plus Activator Liquid f\u00f6r att f\u00e5 ett luktfritt alternativ till klor- och bromhaltiga desinfektionsmedel i ditt spabad. Tills\u00e4tt SpaCare Oxygen Granular direkt i ditt spabadsvatten med vattencirkulationen ig\u00e5ng p\u00e5 l\u00e4gsta hastighet innan bad.<\/p>\n<p>F\u00f6rp. 1 kg<\/p>\n<p><strong>Rek.pris: 420kr<\/strong><\/p>","protected":false},"featured_media":8438,"template":"","meta":{"_acf_changed":false},"product_brand":[],"product_cat":[61,62],"product_tag":[],"class_list":{"0":"post-7194","1":"product","2":"type-product","3":"status-publish","4":"has-post-thumbnail","6":"product_cat-vattenvard","7":"product_cat-for-aterforsaljare","9":"first","10":"instock","11":"taxable","12":"shipping-taxable","13":"purchasable","14":"product-type-simple"},"acf":[],"_links":{"self":[{"href":"https:\/\/viskanspa-se.tbwebsite.com\/en\/wp-json\/wp\/v2\/product\/7194","targetHints":{"allow":["GET"]}}],"collection":[{"href":"https:\/\/viskanspa-se.tbwebsite.com\/en\/wp-json\/wp\/v2\/product"}],"about":[{"href":"https:\/\/viskanspa-se.tbwebsite.com\/en\/wp-json\/wp\/v2\/types\/product"}],"wp:featuredmedia":[{"embeddable":true,"href":"https:\/\/viskanspa-se.tbwebsite.com\/en\/wp-json\/wp\/v2\/media\/8438"}],"wp:attachment":[{"href":"https:\/\/viskanspa-se.tbwebsite.com\/en\/wp-json\/wp\/v2\/media?parent=7194"}],"wp:term":[{"taxonomy":"product_brand","embeddable":true,"href":"https:\/\/viskanspa-se.tbwebsite.com\/en\/wp-json\/wp\/v2\/product_brand?post=7194"},{"taxonomy":"product_cat","embeddable":true,"href":"https:\/\/viskanspa-se.tbwebsite.com\/en\/wp-json\/wp\/v2\/product_cat?post=7194"},{"taxonomy":"product_tag","embeddable":true,"href":"https:\/\/viskanspa-se.tbwebsite.com\/en\/wp-json\/wp\/v2\/product_tag?post=7194"}],"curies":[{"name":"wp","href":"https:\/\/api.w.org\/{rel}","templated":true}]}}