{"id":7198,"date":"2022-07-13T06:31:01","date_gmt":"2022-07-13T06:31:01","guid":{"rendered":"https:\/\/viskanspa-se.tbwebsite.com\/?post_type=product&#038;p=7198"},"modified":"2023-05-09T06:33:00","modified_gmt":"2023-05-09T06:33:00","slug":"oxyplus-activator-liquid-b","status":"publish","type":"product","link":"https:\/\/viskanspa-se.tbwebsite.com\/en\/spabad\/vattenvard\/oxyplus-activator-liquid-b\/","title":{"rendered":"Oxyplus Activator Liquid (B)"},"content":{"rendered":"<p><strong>SpaCare Oxy Plus Activator Liquid (B)<\/strong>\u00a0\u00e4r ett effektivt l\u00e5ngtidsverkande desinfektionsmedel som anv\u00e4nds tillsammans med\u00a0<a href=\"https:\/\/spacare.se\/products\/spacare-active-oxygen\/\" target=\"_blank\" rel=\"noopener\">SpaCare Active Oxygen Granular (A)<\/a>\u00a0f\u00f6r att skapa ett luktfritt alternativ till klor- och bromhaltiga desinfektionsmedel i ditt spabad.<\/p>\n<p><strong>SpaCare Oxy Plus Activator Liquid (B)<\/strong>\u00a0tills\u00e4tts enkelt med den inbyggda m\u00e5ttb\u00e4garen. Du beh\u00f6ver bara tills\u00e4tta medlet till vattnet vid start, vid vattenp\u00e5fyllning och 1 underh\u00e5llsdos varje vecka.<\/p>\n<p>F\u00f6rpackning:\u00a0 1 liter<\/p>","protected":false},"excerpt":{"rendered":"<p>SpaCare Oxy Plus Activator Liquid (B)<\/p>\n<p>SpaCare Oxy Plus Activator Liquid \u00e4r ett effektivt l\u00e5ngtidsverkande desinfektionsmedel som anv\u00e4nds tillsammans med SpaCare Active Oxygen Granular f\u00f6r att skapa ett luktfritt alternativ till klor- och bromhaltiga desinfektionsmedel i ditt spabad. SpaCare Oxy Plus Activator Liquid tills\u00e4tts enkelt med den inbyggda m\u00e5ttb\u00e4garen. Du beh\u00f6ver bara tills\u00e4tta medlet till vattnet vid start, vid vattenp\u00e5fyllning och 1 underh\u00e5llsdos varje vecka.<\/p>\n<p>F\u00f6rp. 1 liter<\/p>\n<p><strong>Rek.pris: 340kr<\/strong><\/p>","protected":false},"featured_media":8439,"template":"","meta":{"_acf_changed":false},"product_brand":[],"product_cat":[61,62],"product_tag":[],"class_list":{"0":"post-7198","1":"product","2":"type-product","3":"status-publish","4":"has-post-thumbnail","6":"product_cat-vattenvard","7":"product_cat-for-aterforsaljare","9":"first","10":"instock","11":"taxable","12":"shipping-taxable","13":"purchasable","14":"product-type-simple"},"acf":[],"_links":{"self":[{"href":"https:\/\/viskanspa-se.tbwebsite.com\/en\/wp-json\/wp\/v2\/product\/7198","targetHints":{"allow":["GET"]}}],"collection":[{"href":"https:\/\/viskanspa-se.tbwebsite.com\/en\/wp-json\/wp\/v2\/product"}],"about":[{"href":"https:\/\/viskanspa-se.tbwebsite.com\/en\/wp-json\/wp\/v2\/types\/product"}],"wp:featuredmedia":[{"embeddable":true,"href":"https:\/\/viskanspa-se.tbwebsite.com\/en\/wp-json\/wp\/v2\/media\/8439"}],"wp:attachment":[{"href":"https:\/\/viskanspa-se.tbwebsite.com\/en\/wp-json\/wp\/v2\/media?parent=7198"}],"wp:term":[{"taxonomy":"product_brand","embeddable":true,"href":"https:\/\/viskanspa-se.tbwebsite.com\/en\/wp-json\/wp\/v2\/product_brand?post=7198"},{"taxonomy":"product_cat","embeddable":true,"href":"https:\/\/viskanspa-se.tbwebsite.com\/en\/wp-json\/wp\/v2\/product_cat?post=7198"},{"taxonomy":"product_tag","embeddable":true,"href":"https:\/\/viskanspa-se.tbwebsite.com\/en\/wp-json\/wp\/v2\/product_tag?post=7198"}],"curies":[{"name":"wp","href":"https:\/\/api.w.org\/{rel}","templated":true}]}}