{"id":7200,"date":"2022-07-13T06:31:49","date_gmt":"2022-07-13T06:31:49","guid":{"rendered":"https:\/\/viskanspa-se.tbwebsite.com\/?post_type=product&#038;p=7200"},"modified":"2024-05-15T13:58:35","modified_gmt":"2024-05-15T13:58:35","slug":"bromintabletter","status":"publish","type":"product","link":"https:\/\/viskanspa-se.tbwebsite.com\/en\/spabad\/vattenvard\/bromintabletter\/","title":{"rendered":"Bromin Tablets"},"content":{"rendered":"","protected":false},"excerpt":{"rendered":"<p>SpaCare Bromintabletter<\/p>\n<p>SpaCare Bromin-tabletterna anv\u00e4nds f\u00f6r att s\u00e4kerst\u00e4lla vattenhygienen i spabad utomhus f\u00f6r att undvika klorlukt. SpaCare Bromin-tabletterna f\u00e5r endast tills\u00e4ttas i en tabletth\u00e5llare eller ett doseringsr\u00f6r \u2013 aldrig direkt i vattnet. Ska anv\u00e4ndas tillsammans med SpaCare SpaChock.<\/p>\n<p>F\u00f6rp. 1 kg<\/p>\n<p><strong>Rek.pris: 510kr<\/strong><\/p>","protected":false},"featured_media":8442,"template":"","meta":{"_acf_changed":false},"product_brand":[],"product_cat":[61,62],"product_tag":[],"class_list":{"0":"post-7200","1":"product","2":"type-product","3":"status-publish","4":"has-post-thumbnail","6":"product_cat-vattenvard","7":"product_cat-for-aterforsaljare","9":"first","10":"instock","11":"taxable","12":"shipping-taxable","13":"purchasable","14":"product-type-simple"},"acf":[],"_links":{"self":[{"href":"https:\/\/viskanspa-se.tbwebsite.com\/en\/wp-json\/wp\/v2\/product\/7200","targetHints":{"allow":["GET"]}}],"collection":[{"href":"https:\/\/viskanspa-se.tbwebsite.com\/en\/wp-json\/wp\/v2\/product"}],"about":[{"href":"https:\/\/viskanspa-se.tbwebsite.com\/en\/wp-json\/wp\/v2\/types\/product"}],"wp:featuredmedia":[{"embeddable":true,"href":"https:\/\/viskanspa-se.tbwebsite.com\/en\/wp-json\/wp\/v2\/media\/8442"}],"wp:attachment":[{"href":"https:\/\/viskanspa-se.tbwebsite.com\/en\/wp-json\/wp\/v2\/media?parent=7200"}],"wp:term":[{"taxonomy":"product_brand","embeddable":true,"href":"https:\/\/viskanspa-se.tbwebsite.com\/en\/wp-json\/wp\/v2\/product_brand?post=7200"},{"taxonomy":"product_cat","embeddable":true,"href":"https:\/\/viskanspa-se.tbwebsite.com\/en\/wp-json\/wp\/v2\/product_cat?post=7200"},{"taxonomy":"product_tag","embeddable":true,"href":"https:\/\/viskanspa-se.tbwebsite.com\/en\/wp-json\/wp\/v2\/product_tag?post=7200"}],"curies":[{"name":"wp","href":"https:\/\/api.w.org\/{rel}","templated":true}]}}