{"id":7202,"date":"2022-07-13T06:32:46","date_gmt":"2022-07-13T06:32:46","guid":{"rendered":"https:\/\/viskanspa-se.tbwebsite.com\/?post_type=product&#038;p=7202"},"modified":"2024-10-22T05:25:47","modified_gmt":"2024-10-22T05:25:47","slug":"biobromide","status":"publish","type":"product","link":"https:\/\/viskanspa-se.tbwebsite.com\/en\/spabad\/vattenvard\/biobromide\/","title":{"rendered":"Biobromide"},"content":{"rendered":"","protected":false},"excerpt":{"rendered":"<p>Har du en egen bromgenerator anv\u00e4nds SpaCare Biobromide Salt f\u00f6r att desinficera badvattnet.<\/p>\n<p>SpaCare Biobromide Salt ska doseras med cirka 650 g = 380 ml per 500 liter vatten. Vi rekommenderar att du l\u00f6ser upp saltet i en hink med rent vatten och f\u00f6rdelar l\u00f6sningen j\u00e4mnt i badvattnet. L\u00e5t vattencirkulationen vara ig\u00e5ng i minst 15 minuter, och starta sedan bromgeneratorn. M\u00e4t sedan brom- och pH-v\u00e4rden ofta och tills\u00e4tt SpaCare SpaChock varje vecka f\u00f6r att underh\u00e5lla inneh\u00e5llet av SpaCare Biobromide Salt.<\/p>\n<p>F\u00f6rp. 2 kg<\/p>\n<p><strong>Rek.pris: 949kr<\/strong><\/p>","protected":false},"featured_media":8443,"template":"","meta":{"_acf_changed":false},"product_brand":[],"product_cat":[61,62],"product_tag":[],"class_list":{"0":"post-7202","1":"product","2":"type-product","3":"status-publish","4":"has-post-thumbnail","6":"product_cat-vattenvard","7":"product_cat-for-aterforsaljare","9":"first","10":"instock","11":"taxable","12":"shipping-taxable","13":"purchasable","14":"product-type-simple"},"acf":[],"_links":{"self":[{"href":"https:\/\/viskanspa-se.tbwebsite.com\/en\/wp-json\/wp\/v2\/product\/7202","targetHints":{"allow":["GET"]}}],"collection":[{"href":"https:\/\/viskanspa-se.tbwebsite.com\/en\/wp-json\/wp\/v2\/product"}],"about":[{"href":"https:\/\/viskanspa-se.tbwebsite.com\/en\/wp-json\/wp\/v2\/types\/product"}],"wp:featuredmedia":[{"embeddable":true,"href":"https:\/\/viskanspa-se.tbwebsite.com\/en\/wp-json\/wp\/v2\/media\/8443"}],"wp:attachment":[{"href":"https:\/\/viskanspa-se.tbwebsite.com\/en\/wp-json\/wp\/v2\/media?parent=7202"}],"wp:term":[{"taxonomy":"product_brand","embeddable":true,"href":"https:\/\/viskanspa-se.tbwebsite.com\/en\/wp-json\/wp\/v2\/product_brand?post=7202"},{"taxonomy":"product_cat","embeddable":true,"href":"https:\/\/viskanspa-se.tbwebsite.com\/en\/wp-json\/wp\/v2\/product_cat?post=7202"},{"taxonomy":"product_tag","embeddable":true,"href":"https:\/\/viskanspa-se.tbwebsite.com\/en\/wp-json\/wp\/v2\/product_tag?post=7202"}],"curies":[{"name":"wp","href":"https:\/\/api.w.org\/{rel}","templated":true}]}}