{"id":7204,"date":"2022-07-13T06:33:31","date_gmt":"2022-07-13T06:33:31","guid":{"rendered":"https:\/\/viskanspa-se.tbwebsite.com\/?post_type=product&#038;p=7204"},"modified":"2023-07-06T06:30:40","modified_gmt":"2023-07-06T06:30:40","slug":"spachock","status":"publish","type":"product","link":"https:\/\/viskanspa-se.tbwebsite.com\/en\/spabad\/vattenvard\/spachock\/","title":{"rendered":"Spachock"},"content":{"rendered":"","protected":false},"excerpt":{"rendered":"<p>SpaCare Spachock<\/p>\n<p>SpaCare SpaChock \u00e4r en klorfri spabadsprodukt som oxiderar vattnet och s\u00e4kerst\u00e4ller vattenhygienen i spabad utomhus. Om du har grumligt vatten i spabadet kan du anv\u00e4nda SpaCare SpaChock. SpaCare SpaChock rekommenderas f\u00f6r snabb klorfri chockbehandling \u2013 \u00e4ven kallat oxidering \u2013 av badvatten som dagligen behandlas med t.ex. SpaCare SunWac-tabletter, SpaCare Bromin-tabletter, SpaCare Biobromide eller SpaCare MiniChlor.<\/p>\n<p>F\u00f6rp. 1 kg<\/p>\n<p>&nbsp;<\/p>","protected":false},"featured_media":8440,"template":"","meta":{"_acf_changed":false},"product_brand":[],"product_cat":[61,62],"product_tag":[],"class_list":{"0":"post-7204","1":"product","2":"type-product","3":"status-publish","4":"has-post-thumbnail","6":"product_cat-vattenvard","7":"product_cat-for-aterforsaljare","9":"first","10":"instock","11":"taxable","12":"shipping-taxable","13":"purchasable","14":"product-type-simple"},"acf":[],"_links":{"self":[{"href":"https:\/\/viskanspa-se.tbwebsite.com\/en\/wp-json\/wp\/v2\/product\/7204","targetHints":{"allow":["GET"]}}],"collection":[{"href":"https:\/\/viskanspa-se.tbwebsite.com\/en\/wp-json\/wp\/v2\/product"}],"about":[{"href":"https:\/\/viskanspa-se.tbwebsite.com\/en\/wp-json\/wp\/v2\/types\/product"}],"wp:featuredmedia":[{"embeddable":true,"href":"https:\/\/viskanspa-se.tbwebsite.com\/en\/wp-json\/wp\/v2\/media\/8440"}],"wp:attachment":[{"href":"https:\/\/viskanspa-se.tbwebsite.com\/en\/wp-json\/wp\/v2\/media?parent=7204"}],"wp:term":[{"taxonomy":"product_brand","embeddable":true,"href":"https:\/\/viskanspa-se.tbwebsite.com\/en\/wp-json\/wp\/v2\/product_brand?post=7204"},{"taxonomy":"product_cat","embeddable":true,"href":"https:\/\/viskanspa-se.tbwebsite.com\/en\/wp-json\/wp\/v2\/product_cat?post=7204"},{"taxonomy":"product_tag","embeddable":true,"href":"https:\/\/viskanspa-se.tbwebsite.com\/en\/wp-json\/wp\/v2\/product_tag?post=7204"}],"curies":[{"name":"wp","href":"https:\/\/api.w.org\/{rel}","templated":true}]}}