{"id":7216,"date":"2022-07-13T06:41:05","date_gmt":"2022-07-13T06:41:05","guid":{"rendered":"https:\/\/viskanspa-se.tbwebsite.com\/?post_type=product&#038;p=7216"},"modified":"2023-05-09T06:33:01","modified_gmt":"2023-05-09T06:33:01","slug":"ph-down","status":"publish","type":"product","link":"https:\/\/viskanspa-se.tbwebsite.com\/en\/spabad\/vattenvard\/ph-down\/","title":{"rendered":"PH-Down Granular"},"content":{"rendered":"","protected":false},"excerpt":{"rendered":"<p class=\"p1\">SpaCare pH-Down Granular<\/p>\n<p>F\u00f6r att h\u00e5lla ditt badvatten i balans \u00e4r det viktigt att du m\u00e4ter pH-v\u00e4rdet med j\u00e4mna mellanrum \u2013 dock g\u00e4rna minst en g\u00e5ng i veckan.\u00a0Har vattnet ett pH-v\u00e4rde p\u00e5 \u00f6ver 7,4 rekommenderar vi att du anv\u00e4nder SpaCare pH-Down Granular f\u00f6r att s\u00e4nka pH-v\u00e4rdet.\u00a0Du kan m\u00e4ta pH-v\u00e4rdet med SmartTest eller med en tablettestare. Vi rekommenderar att du inte anv\u00e4nder spabadsstickor f\u00f6r att m\u00e4ta pH-v\u00e4rdet.\u00a0SpaCare pH-Down Granular \u00e4r en av v\u00e5ra h\u00f6gkvalitativa standardprodukter och levereras med en m\u00e4tsked som g\u00f6r det enkelt att tills\u00e4tta r\u00e4tt dos varje g\u00e5ng.<\/p>\n<p>F\u00f6rp. 1,5 kg<\/p>\n<p>Hur mycket ska du tills\u00e4tta? Anv\u00e4nd SpaCare\u00b4s\u00a0<a class=\"open-spaberegner\" href=\"https:\/\/spacare.se\/spabadsraknare\/\" target=\"_blank\" rel=\"noopener\">spabadsr\u00e4knare<\/a>.<\/p>\n<p>&nbsp;<\/p>\n<p><strong>Recommended price: 149kr<\/strong><\/p>","protected":false},"featured_media":8445,"template":"","meta":{"_acf_changed":false},"product_brand":[],"product_cat":[61,62],"product_tag":[],"class_list":{"0":"post-7216","1":"product","2":"type-product","3":"status-publish","4":"has-post-thumbnail","6":"product_cat-vattenvard","7":"product_cat-for-aterforsaljare","9":"first","10":"instock","11":"taxable","12":"shipping-taxable","13":"purchasable","14":"product-type-simple"},"acf":[],"_links":{"self":[{"href":"https:\/\/viskanspa-se.tbwebsite.com\/en\/wp-json\/wp\/v2\/product\/7216","targetHints":{"allow":["GET"]}}],"collection":[{"href":"https:\/\/viskanspa-se.tbwebsite.com\/en\/wp-json\/wp\/v2\/product"}],"about":[{"href":"https:\/\/viskanspa-se.tbwebsite.com\/en\/wp-json\/wp\/v2\/types\/product"}],"wp:featuredmedia":[{"embeddable":true,"href":"https:\/\/viskanspa-se.tbwebsite.com\/en\/wp-json\/wp\/v2\/media\/8445"}],"wp:attachment":[{"href":"https:\/\/viskanspa-se.tbwebsite.com\/en\/wp-json\/wp\/v2\/media?parent=7216"}],"wp:term":[{"taxonomy":"product_brand","embeddable":true,"href":"https:\/\/viskanspa-se.tbwebsite.com\/en\/wp-json\/wp\/v2\/product_brand?post=7216"},{"taxonomy":"product_cat","embeddable":true,"href":"https:\/\/viskanspa-se.tbwebsite.com\/en\/wp-json\/wp\/v2\/product_cat?post=7216"},{"taxonomy":"product_tag","embeddable":true,"href":"https:\/\/viskanspa-se.tbwebsite.com\/en\/wp-json\/wp\/v2\/product_tag?post=7216"}],"curies":[{"name":"wp","href":"https:\/\/api.w.org\/{rel}","templated":true}]}}