{"id":7219,"date":"2022-07-13T06:41:56","date_gmt":"2022-07-13T06:41:56","guid":{"rendered":"https:\/\/viskanspa-se.tbwebsite.com\/?post_type=product&#038;p=7219"},"modified":"2023-05-09T06:33:01","modified_gmt":"2023-05-09T06:33:01","slug":"no-scale-2","status":"publish","type":"product","link":"https:\/\/viskanspa-se.tbwebsite.com\/en\/spabad\/vattenvard\/no-scale-2\/","title":{"rendered":"No Scale"},"content":{"rendered":"","protected":false},"excerpt":{"rendered":"<p>SpaCare No Scale<\/p>\n<p>Med No Scale minskas risken f\u00f6r att kalk och metaller f\u00e4lls ut och l\u00e4gger sig som kalk- eller j\u00e4rnhaltiga bel\u00e4ggningar i ditt spabad.<\/p>\n<p>F\u00f6rp. 500 ml.<\/p>\n<p><strong>Recommended price: 199kr<\/strong><\/p>","protected":false},"featured_media":8446,"template":"","meta":{"_acf_changed":false},"product_brand":[],"product_cat":[61,62],"product_tag":[],"class_list":{"0":"post-7219","1":"product","2":"type-product","3":"status-publish","4":"has-post-thumbnail","6":"product_cat-vattenvard","7":"product_cat-for-aterforsaljare","9":"first","10":"instock","11":"taxable","12":"shipping-taxable","13":"purchasable","14":"product-type-simple"},"acf":[],"_links":{"self":[{"href":"https:\/\/viskanspa-se.tbwebsite.com\/en\/wp-json\/wp\/v2\/product\/7219","targetHints":{"allow":["GET"]}}],"collection":[{"href":"https:\/\/viskanspa-se.tbwebsite.com\/en\/wp-json\/wp\/v2\/product"}],"about":[{"href":"https:\/\/viskanspa-se.tbwebsite.com\/en\/wp-json\/wp\/v2\/types\/product"}],"wp:featuredmedia":[{"embeddable":true,"href":"https:\/\/viskanspa-se.tbwebsite.com\/en\/wp-json\/wp\/v2\/media\/8446"}],"wp:attachment":[{"href":"https:\/\/viskanspa-se.tbwebsite.com\/en\/wp-json\/wp\/v2\/media?parent=7219"}],"wp:term":[{"taxonomy":"product_brand","embeddable":true,"href":"https:\/\/viskanspa-se.tbwebsite.com\/en\/wp-json\/wp\/v2\/product_brand?post=7219"},{"taxonomy":"product_cat","embeddable":true,"href":"https:\/\/viskanspa-se.tbwebsite.com\/en\/wp-json\/wp\/v2\/product_cat?post=7219"},{"taxonomy":"product_tag","embeddable":true,"href":"https:\/\/viskanspa-se.tbwebsite.com\/en\/wp-json\/wp\/v2\/product_tag?post=7219"}],"curies":[{"name":"wp","href":"https:\/\/api.w.org\/{rel}","templated":true}]}}