{"id":7221,"date":"2022-07-13T06:42:56","date_gmt":"2022-07-13T06:42:56","guid":{"rendered":"https:\/\/viskanspa-se.tbwebsite.com\/?post_type=product&#038;p=7221"},"modified":"2024-05-15T14:00:03","modified_gmt":"2024-05-15T14:00:03","slug":"calcium-up","status":"publish","type":"product","link":"https:\/\/viskanspa-se.tbwebsite.com\/en\/spabad\/vattenvard\/calcium-up\/","title":{"rendered":"Calcium Up"},"content":{"rendered":"","protected":false},"excerpt":{"rendered":"<p>SpaCare Calcium Up<\/p>\n<p>SpaCare Calcium Up anv\u00e4nds f\u00f6r att h\u00f6ja vattnets kalciumh\u00e5rdhet f\u00f6r att undvika korrosion i ditt spabad. Genom att anv\u00e4nda Calcium Up f\u00f6rebygger du skador p\u00e5 karet i omr\u00e5den med mjukt vatten. Anv\u00e4nd en h\u00e5rdhetsprovare eller teststickor f\u00f6r att vara s\u00e4ker p\u00e5 att du m\u00e4ter vattnets h\u00e5rdhet korrekt \u2013 vi rekommenderar en kalciumh\u00e5rdhet p\u00e5 200\u2013300 mg\/l CaCO3.<\/p>\n<p>F\u00f6rp. 1 kg<\/p>\n<p>&nbsp;<\/p>","protected":false},"featured_media":8431,"template":"","meta":{"_acf_changed":false},"product_brand":[],"product_cat":[61,62],"product_tag":[],"class_list":{"0":"post-7221","1":"product","2":"type-product","3":"status-publish","4":"has-post-thumbnail","6":"product_cat-vattenvard","7":"product_cat-for-aterforsaljare","9":"first","10":"instock","11":"taxable","12":"shipping-taxable","13":"purchasable","14":"product-type-simple"},"acf":[],"_links":{"self":[{"href":"https:\/\/viskanspa-se.tbwebsite.com\/en\/wp-json\/wp\/v2\/product\/7221","targetHints":{"allow":["GET"]}}],"collection":[{"href":"https:\/\/viskanspa-se.tbwebsite.com\/en\/wp-json\/wp\/v2\/product"}],"about":[{"href":"https:\/\/viskanspa-se.tbwebsite.com\/en\/wp-json\/wp\/v2\/types\/product"}],"wp:featuredmedia":[{"embeddable":true,"href":"https:\/\/viskanspa-se.tbwebsite.com\/en\/wp-json\/wp\/v2\/media\/8431"}],"wp:attachment":[{"href":"https:\/\/viskanspa-se.tbwebsite.com\/en\/wp-json\/wp\/v2\/media?parent=7221"}],"wp:term":[{"taxonomy":"product_brand","embeddable":true,"href":"https:\/\/viskanspa-se.tbwebsite.com\/en\/wp-json\/wp\/v2\/product_brand?post=7221"},{"taxonomy":"product_cat","embeddable":true,"href":"https:\/\/viskanspa-se.tbwebsite.com\/en\/wp-json\/wp\/v2\/product_cat?post=7221"},{"taxonomy":"product_tag","embeddable":true,"href":"https:\/\/viskanspa-se.tbwebsite.com\/en\/wp-json\/wp\/v2\/product_tag?post=7221"}],"curies":[{"name":"wp","href":"https:\/\/api.w.org\/{rel}","templated":true}]}}