{"id":7223,"date":"2022-07-13T06:44:20","date_gmt":"2022-07-13T06:44:20","guid":{"rendered":"https:\/\/viskanspa-se.tbwebsite.com\/?post_type=product&#038;p=7223"},"modified":"2024-05-15T13:28:22","modified_gmt":"2024-05-15T13:28:22","slug":"alka-up","status":"publish","type":"product","link":"https:\/\/viskanspa-se.tbwebsite.com\/en\/spabad\/vattenvard\/alka-up\/","title":{"rendered":"Alka Up"},"content":{"rendered":"","protected":false},"excerpt":{"rendered":"<p class=\"p1\">SpaCare Up<\/p>\n<p>SpaCare Alka Up h\u00f6jer alkaliniteten i ditt spabad och hj\u00e4lper dig att h\u00e5lla ditt spabadsvatten i balans.\u00a0Du m\u00e5ste m\u00e4ta och eventuellt justera alkaliniteten vid byte av vatten eller vid problem med att uppr\u00e4tth\u00e5lla ett stabilt pH-v\u00e4rde p\u00e5 7,0\u20137,4. Alkaliniteten ska ligga p\u00e5 80\u2013120 mg\/l.\u00a0Alkaliniteten m\u00e4ts med spabadsstickor eller SmartTest.<\/p>\n<p>F\u00f6rp. 1 kg<\/p>\n<p>Hur mycket ska du tills\u00e4tta? Anv\u00e4nd SpaCare\u00b4s\u00a0<a class=\"open-spaberegner\" href=\"https:\/\/spacare.se\/spabadsraknare\/\" target=\"_blank\" rel=\"noopener\">spabadsr\u00e4knare<\/a>.<\/p>\n<p>&nbsp;<\/p>\n<p><strong>Rek.pris: 179kr<\/strong><\/p>","protected":false},"featured_media":8447,"template":"","meta":{"_acf_changed":false},"product_brand":[],"product_cat":[61,62],"product_tag":[],"class_list":{"0":"post-7223","1":"product","2":"type-product","3":"status-publish","4":"has-post-thumbnail","6":"product_cat-vattenvard","7":"product_cat-for-aterforsaljare","9":"first","10":"instock","11":"taxable","12":"shipping-taxable","13":"purchasable","14":"product-type-simple"},"acf":[],"_links":{"self":[{"href":"https:\/\/viskanspa-se.tbwebsite.com\/en\/wp-json\/wp\/v2\/product\/7223","targetHints":{"allow":["GET"]}}],"collection":[{"href":"https:\/\/viskanspa-se.tbwebsite.com\/en\/wp-json\/wp\/v2\/product"}],"about":[{"href":"https:\/\/viskanspa-se.tbwebsite.com\/en\/wp-json\/wp\/v2\/types\/product"}],"wp:featuredmedia":[{"embeddable":true,"href":"https:\/\/viskanspa-se.tbwebsite.com\/en\/wp-json\/wp\/v2\/media\/8447"}],"wp:attachment":[{"href":"https:\/\/viskanspa-se.tbwebsite.com\/en\/wp-json\/wp\/v2\/media?parent=7223"}],"wp:term":[{"taxonomy":"product_brand","embeddable":true,"href":"https:\/\/viskanspa-se.tbwebsite.com\/en\/wp-json\/wp\/v2\/product_brand?post=7223"},{"taxonomy":"product_cat","embeddable":true,"href":"https:\/\/viskanspa-se.tbwebsite.com\/en\/wp-json\/wp\/v2\/product_cat?post=7223"},{"taxonomy":"product_tag","embeddable":true,"href":"https:\/\/viskanspa-se.tbwebsite.com\/en\/wp-json\/wp\/v2\/product_tag?post=7223"}],"curies":[{"name":"wp","href":"https:\/\/api.w.org\/{rel}","templated":true}]}}