{"id":7234,"date":"2022-07-13T06:51:05","date_gmt":"2022-07-13T06:51:05","guid":{"rendered":"https:\/\/viskanspa-se.tbwebsite.com\/?post_type=product&#038;p=7234"},"modified":"2024-05-15T14:17:42","modified_gmt":"2024-05-15T14:17:42","slug":"filter-cleaner","status":"publish","type":"product","link":"https:\/\/viskanspa-se.tbwebsite.com\/en\/spabad\/vattenvard\/filter-cleaner\/","title":{"rendered":"Filter Cleaner"},"content":{"rendered":"","protected":false},"excerpt":{"rendered":"<p>SpaCare Filter Cleaner<\/p>\n<p>Filtret i ditt spabad samlar upp m\u00e5nga typer av smuts n\u00e4r spabadet anv\u00e4nds. Smutsen l\u00e4gger sig som en bel\u00e4ggning p\u00e5 filtret som till sist inte l\u00e4ngre kan reng\u00f6ra vattnet. SpaCare Filter Cleaner reng\u00f6r filterpatronerna i spabad utomhus. Ta ut filterpatronerna ur filterhuset och reng\u00f6r synlig smuts. Bl\u00f6tl\u00e4gg filterpatronerna i en l\u00f6sning med 1 dl SpaCare Filter Cleaner och vatten i minst 12 timmar och sk\u00f6lj sedan noga med rent, varmt vatten. Filtret \u00e4r nu klart att anv\u00e4nda igen. F\u00f6rp. 500 ml.<\/p>\n<p><strong>Rek.pris: 129kr<\/strong><\/p>","protected":false},"featured_media":8450,"template":"","meta":{"_acf_changed":false},"product_brand":[],"product_cat":[61,62],"product_tag":[],"class_list":{"0":"post-7234","1":"product","2":"type-product","3":"status-publish","4":"has-post-thumbnail","6":"product_cat-vattenvard","7":"product_cat-for-aterforsaljare","9":"first","10":"instock","11":"taxable","12":"shipping-taxable","13":"purchasable","14":"product-type-simple"},"acf":[],"_links":{"self":[{"href":"https:\/\/viskanspa-se.tbwebsite.com\/en\/wp-json\/wp\/v2\/product\/7234","targetHints":{"allow":["GET"]}}],"collection":[{"href":"https:\/\/viskanspa-se.tbwebsite.com\/en\/wp-json\/wp\/v2\/product"}],"about":[{"href":"https:\/\/viskanspa-se.tbwebsite.com\/en\/wp-json\/wp\/v2\/types\/product"}],"wp:featuredmedia":[{"embeddable":true,"href":"https:\/\/viskanspa-se.tbwebsite.com\/en\/wp-json\/wp\/v2\/media\/8450"}],"wp:attachment":[{"href":"https:\/\/viskanspa-se.tbwebsite.com\/en\/wp-json\/wp\/v2\/media?parent=7234"}],"wp:term":[{"taxonomy":"product_brand","embeddable":true,"href":"https:\/\/viskanspa-se.tbwebsite.com\/en\/wp-json\/wp\/v2\/product_brand?post=7234"},{"taxonomy":"product_cat","embeddable":true,"href":"https:\/\/viskanspa-se.tbwebsite.com\/en\/wp-json\/wp\/v2\/product_cat?post=7234"},{"taxonomy":"product_tag","embeddable":true,"href":"https:\/\/viskanspa-se.tbwebsite.com\/en\/wp-json\/wp\/v2\/product_tag?post=7234"}],"curies":[{"name":"wp","href":"https:\/\/api.w.org\/{rel}","templated":true}]}}