{"id":7236,"date":"2022-07-13T07:01:37","date_gmt":"2022-07-13T07:01:37","guid":{"rendered":"https:\/\/viskanspa-se.tbwebsite.com\/?post_type=product&#038;p=7236"},"modified":"2024-05-15T14:27:25","modified_gmt":"2024-05-15T14:27:25","slug":"foam-down","status":"publish","type":"product","link":"https:\/\/viskanspa-se.tbwebsite.com\/en\/spabad\/vattenvard\/foam-down\/","title":{"rendered":"Foam Down"},"content":{"rendered":"<p>&nbsp;<\/p>\n<p>&nbsp;<\/p>","protected":false},"excerpt":{"rendered":"<p>SpaCare Foam Down<\/p>\n<p>Upplever du att det bildas skum p\u00e5 vattenytan i ditt spabad? S\u00e5dant skum kan uppst\u00e5 av flera olika orsaker. De vanligaste orsakerna \u00e4r dock kosmetika- och tv\u00e5lrester. Med SpaCare Foam Down kan du slippa skummet. Tills\u00e4tt eller spraya 25\u201350 ml SpaCare Foam Down \u00f6ver vattenytan medan spabadet \u00e4r i drift. Du kan anv\u00e4nda SpaCare Foam Down varje g\u00e5ng du tycker det beh\u00f6vs.<\/p>\n<p><strong>Rek.pris: 129kr<\/strong><\/p>","protected":false},"featured_media":8452,"template":"","meta":{"_acf_changed":false},"product_brand":[],"product_cat":[61,62],"product_tag":[],"class_list":{"0":"post-7236","1":"product","2":"type-product","3":"status-publish","4":"has-post-thumbnail","6":"product_cat-vattenvard","7":"product_cat-for-aterforsaljare","9":"first","10":"instock","11":"taxable","12":"shipping-taxable","13":"purchasable","14":"product-type-simple"},"acf":[],"_links":{"self":[{"href":"https:\/\/viskanspa-se.tbwebsite.com\/en\/wp-json\/wp\/v2\/product\/7236","targetHints":{"allow":["GET"]}}],"collection":[{"href":"https:\/\/viskanspa-se.tbwebsite.com\/en\/wp-json\/wp\/v2\/product"}],"about":[{"href":"https:\/\/viskanspa-se.tbwebsite.com\/en\/wp-json\/wp\/v2\/types\/product"}],"wp:featuredmedia":[{"embeddable":true,"href":"https:\/\/viskanspa-se.tbwebsite.com\/en\/wp-json\/wp\/v2\/media\/8452"}],"wp:attachment":[{"href":"https:\/\/viskanspa-se.tbwebsite.com\/en\/wp-json\/wp\/v2\/media?parent=7236"}],"wp:term":[{"taxonomy":"product_brand","embeddable":true,"href":"https:\/\/viskanspa-se.tbwebsite.com\/en\/wp-json\/wp\/v2\/product_brand?post=7236"},{"taxonomy":"product_cat","embeddable":true,"href":"https:\/\/viskanspa-se.tbwebsite.com\/en\/wp-json\/wp\/v2\/product_cat?post=7236"},{"taxonomy":"product_tag","embeddable":true,"href":"https:\/\/viskanspa-se.tbwebsite.com\/en\/wp-json\/wp\/v2\/product_tag?post=7236"}],"curies":[{"name":"wp","href":"https:\/\/api.w.org\/{rel}","templated":true}]}}