{"id":7238,"date":"2022-07-13T07:17:55","date_gmt":"2022-07-13T07:17:55","guid":{"rendered":"https:\/\/viskanspa-se.tbwebsite.com\/?post_type=product&#038;p=7238"},"modified":"2023-05-09T06:33:02","modified_gmt":"2023-05-09T06:33:02","slug":"spaclean","status":"publish","type":"product","link":"https:\/\/viskanspa-se.tbwebsite.com\/en\/spabad\/vattenvard\/spaclean\/","title":{"rendered":"Spaclean"},"content":{"rendered":"","protected":false},"excerpt":{"rendered":"<p>SpaCare Spaclean spray<\/p>\n<p>Smutsig vattenlinje? SpaCare SpaClean Spray sprayas p\u00e5 det smutsiga omr\u00e5det och tar enkelt bort fastsittande smuts i spabad inom- och utomhus. Spraya SpaCare SpaClean p\u00e5 det smutsiga omr\u00e5det och l\u00e5t det verka i 5\u201315 minuter innan du torkar bort det med en trasa. Kan \u00e4ven anv\u00e4ndas i badrum, p\u00e5 kakel och i duschkabiner. F\u00f6r ett elegant och skinande resultat kan du polera det rengjorda omr\u00e5det med SpaCare Beauty Polish, som samtidigt ger karet en smutsavvisande yta.<\/p>\n<p><strong>Rek.pris: 129kr<\/strong><\/p>","protected":false},"featured_media":7239,"template":"","meta":{"_acf_changed":false},"product_brand":[],"product_cat":[61,62],"product_tag":[],"class_list":{"0":"post-7238","1":"product","2":"type-product","3":"status-publish","4":"has-post-thumbnail","6":"product_cat-vattenvard","7":"product_cat-for-aterforsaljare","9":"first","10":"instock","11":"taxable","12":"shipping-taxable","13":"purchasable","14":"product-type-simple"},"acf":[],"_links":{"self":[{"href":"https:\/\/viskanspa-se.tbwebsite.com\/en\/wp-json\/wp\/v2\/product\/7238","targetHints":{"allow":["GET"]}}],"collection":[{"href":"https:\/\/viskanspa-se.tbwebsite.com\/en\/wp-json\/wp\/v2\/product"}],"about":[{"href":"https:\/\/viskanspa-se.tbwebsite.com\/en\/wp-json\/wp\/v2\/types\/product"}],"wp:featuredmedia":[{"embeddable":true,"href":"https:\/\/viskanspa-se.tbwebsite.com\/en\/wp-json\/wp\/v2\/media\/7239"}],"wp:attachment":[{"href":"https:\/\/viskanspa-se.tbwebsite.com\/en\/wp-json\/wp\/v2\/media?parent=7238"}],"wp:term":[{"taxonomy":"product_brand","embeddable":true,"href":"https:\/\/viskanspa-se.tbwebsite.com\/en\/wp-json\/wp\/v2\/product_brand?post=7238"},{"taxonomy":"product_cat","embeddable":true,"href":"https:\/\/viskanspa-se.tbwebsite.com\/en\/wp-json\/wp\/v2\/product_cat?post=7238"},{"taxonomy":"product_tag","embeddable":true,"href":"https:\/\/viskanspa-se.tbwebsite.com\/en\/wp-json\/wp\/v2\/product_tag?post=7238"}],"curies":[{"name":"wp","href":"https:\/\/api.w.org\/{rel}","templated":true}]}}