{"id":7240,"date":"2022-07-13T07:18:54","date_gmt":"2022-07-13T07:18:54","guid":{"rendered":"https:\/\/viskanspa-se.tbwebsite.com\/?post_type=product&#038;p=7240"},"modified":"2024-05-15T13:48:55","modified_gmt":"2024-05-15T13:48:55","slug":"biofilm-cleaner-pipe-cleaner","status":"publish","type":"product","link":"https:\/\/viskanspa-se.tbwebsite.com\/en\/spabad\/vattenvard\/biofilm-cleaner-pipe-cleaner\/","title":{"rendered":"Biofilm Cleaner\/Pipe Cleaner"},"content":{"rendered":"","protected":false},"excerpt":{"rendered":"<p>SpaCare BioFilm cleaner<\/p>\n<p>Det finns \u00f6ver 100 meter slangar och r\u00f6r i ett modernt spabad f\u00f6r utomhusbruk. H\u00e5lls inte dessa slangar rena fr\u00e5n biofilmer och bakterier \u00e4r det inte m\u00f6jligt att uppr\u00e4tth\u00e5lla en tillfredsst\u00e4llande vattenkvalitet i spabadet. SpaCare Biofilm Cleaner \u00e4r en flytande skurborste, som effektivt tar bort bakteriehaltiga biofilmer fr\u00e5n spabadets r\u00f6rledningar.<\/p>\n<p>Biofilm Cleaner anv\u00e4nds 2\u20134 g\u00e5nger om \u00e5ret vid byte av vatten, eller om du upplever problem med vattenkvaliteten.<\/p>\n<p>OBS! Man f\u00e5r inte bada n\u00e4r SpaCare Biofilm Cleaner \u00e4r tillsatt till vattnet.<\/p>\n<p><strong>Rek.pris: 389kr<\/strong><\/p>","protected":false},"featured_media":8453,"template":"","meta":{"_acf_changed":false},"product_brand":[],"product_cat":[61,62],"product_tag":[],"class_list":{"0":"post-7240","1":"product","2":"type-product","3":"status-publish","4":"has-post-thumbnail","6":"product_cat-vattenvard","7":"product_cat-for-aterforsaljare","9":"first","10":"instock","11":"taxable","12":"shipping-taxable","13":"purchasable","14":"product-type-simple"},"acf":[],"_links":{"self":[{"href":"https:\/\/viskanspa-se.tbwebsite.com\/en\/wp-json\/wp\/v2\/product\/7240","targetHints":{"allow":["GET"]}}],"collection":[{"href":"https:\/\/viskanspa-se.tbwebsite.com\/en\/wp-json\/wp\/v2\/product"}],"about":[{"href":"https:\/\/viskanspa-se.tbwebsite.com\/en\/wp-json\/wp\/v2\/types\/product"}],"wp:featuredmedia":[{"embeddable":true,"href":"https:\/\/viskanspa-se.tbwebsite.com\/en\/wp-json\/wp\/v2\/media\/8453"}],"wp:attachment":[{"href":"https:\/\/viskanspa-se.tbwebsite.com\/en\/wp-json\/wp\/v2\/media?parent=7240"}],"wp:term":[{"taxonomy":"product_brand","embeddable":true,"href":"https:\/\/viskanspa-se.tbwebsite.com\/en\/wp-json\/wp\/v2\/product_brand?post=7240"},{"taxonomy":"product_cat","embeddable":true,"href":"https:\/\/viskanspa-se.tbwebsite.com\/en\/wp-json\/wp\/v2\/product_cat?post=7240"},{"taxonomy":"product_tag","embeddable":true,"href":"https:\/\/viskanspa-se.tbwebsite.com\/en\/wp-json\/wp\/v2\/product_tag?post=7240"}],"curies":[{"name":"wp","href":"https:\/\/api.w.org\/{rel}","templated":true}]}}