{"id":7242,"date":"2022-07-13T07:19:37","date_gmt":"2022-07-13T07:19:37","guid":{"rendered":"https:\/\/viskanspa-se.tbwebsite.com\/?post_type=product&#038;p=7242"},"modified":"2024-05-15T14:04:32","modified_gmt":"2024-05-15T14:04:32","slug":"cleansing-cream","status":"publish","type":"product","link":"https:\/\/viskanspa-se.tbwebsite.com\/en\/spabad\/vattenvard\/cleansing-cream\/","title":{"rendered":"Cleansing Cream"},"content":{"rendered":"","protected":false},"excerpt":{"rendered":"<p>SpaCare Cleansing cream<\/p>\n<p>SpaCare Cleansing Cream anv\u00e4nds f\u00f6r att reng\u00f6ra ytan p\u00e5 ditt spabad. Produkten har en mild skureffekt och tar bort fastsittande smuts i spabad inom- och utomhus. P\u00e5f\u00f6r produkten med en fuktig trasa eller svamp. Sk\u00f6lj sedan med vatten och eftertorka med mjuk trasa eller hush\u00e5llspapper. F\u00f6r ett elegant och skinande resultat kan du polera det rengjorda omr\u00e5det med SpaCare Beauty Polish, som samtidigt ger karet en smutsavvisande yta.<\/p>\n<p><strong>Rek.pris: 109kr<\/strong><\/p>","protected":false},"featured_media":8454,"template":"","meta":{"_acf_changed":false},"product_brand":[],"product_cat":[61,62],"product_tag":[],"class_list":{"0":"post-7242","1":"product","2":"type-product","3":"status-publish","4":"has-post-thumbnail","6":"product_cat-vattenvard","7":"product_cat-for-aterforsaljare","9":"first","10":"instock","11":"taxable","12":"shipping-taxable","13":"purchasable","14":"product-type-simple"},"acf":[],"_links":{"self":[{"href":"https:\/\/viskanspa-se.tbwebsite.com\/en\/wp-json\/wp\/v2\/product\/7242","targetHints":{"allow":["GET"]}}],"collection":[{"href":"https:\/\/viskanspa-se.tbwebsite.com\/en\/wp-json\/wp\/v2\/product"}],"about":[{"href":"https:\/\/viskanspa-se.tbwebsite.com\/en\/wp-json\/wp\/v2\/types\/product"}],"wp:featuredmedia":[{"embeddable":true,"href":"https:\/\/viskanspa-se.tbwebsite.com\/en\/wp-json\/wp\/v2\/media\/8454"}],"wp:attachment":[{"href":"https:\/\/viskanspa-se.tbwebsite.com\/en\/wp-json\/wp\/v2\/media?parent=7242"}],"wp:term":[{"taxonomy":"product_brand","embeddable":true,"href":"https:\/\/viskanspa-se.tbwebsite.com\/en\/wp-json\/wp\/v2\/product_brand?post=7242"},{"taxonomy":"product_cat","embeddable":true,"href":"https:\/\/viskanspa-se.tbwebsite.com\/en\/wp-json\/wp\/v2\/product_cat?post=7242"},{"taxonomy":"product_tag","embeddable":true,"href":"https:\/\/viskanspa-se.tbwebsite.com\/en\/wp-json\/wp\/v2\/product_tag?post=7242"}],"curies":[{"name":"wp","href":"https:\/\/api.w.org\/{rel}","templated":true}]}}