{"id":7244,"date":"2022-07-13T07:20:23","date_gmt":"2022-07-13T07:20:23","guid":{"rendered":"https:\/\/viskanspa-se.tbwebsite.com\/?post_type=product&#038;p=7244"},"modified":"2024-05-15T14:10:37","modified_gmt":"2024-05-15T14:10:37","slug":"descaler","status":"publish","type":"product","link":"https:\/\/viskanspa-se.tbwebsite.com\/en\/spabad\/vattenvard\/descaler\/","title":{"rendered":"Descaler"},"content":{"rendered":"","protected":false},"excerpt":{"rendered":"<p>SpaCare Descaler<\/p>\n<p>SpaCare-Descaler \u00e4r ett koncentrerat avkalkningsmedel f\u00f6r skonsam avkalkning av spabad inom- och utomhus. 2,5 kg r\u00e4cker till 200 liter vatten. Regelbunden avkalkning \u00e4r viktig f\u00f6r underh\u00e5ll och skydd, speciellt av spabadets v\u00e4rmeelement och pumpar. OBS! F\u00e5r endast anv\u00e4ndas i vatten som inte inneh\u00e5ller klor. En kombination av SpaCare Descaler och klorhaltigt vatten kan ge upphov till farliga gaser. N\u00e4r du har anv\u00e4nt SpaCare Descaler sjunker pH-v\u00e4rdet kraftigt. D\u00e4rf\u00f6r b\u00f6r du h\u00f6ja pH-v\u00e4rdet till 6,0\u20137,0 med SpaCare pH-Up innan du leder ut vattnet i avloppet.<\/p>\n<p>F\u00f6rp. 2,5 kg<\/p>\n<p>&nbsp;<\/p>","protected":false},"featured_media":8455,"template":"","meta":{"_acf_changed":false},"product_brand":[],"product_cat":[61,62],"product_tag":[],"class_list":{"0":"post-7244","1":"product","2":"type-product","3":"status-publish","4":"has-post-thumbnail","6":"product_cat-vattenvard","7":"product_cat-for-aterforsaljare","9":"first","10":"instock","11":"taxable","12":"shipping-taxable","13":"purchasable","14":"product-type-simple"},"acf":[],"_links":{"self":[{"href":"https:\/\/viskanspa-se.tbwebsite.com\/en\/wp-json\/wp\/v2\/product\/7244","targetHints":{"allow":["GET"]}}],"collection":[{"href":"https:\/\/viskanspa-se.tbwebsite.com\/en\/wp-json\/wp\/v2\/product"}],"about":[{"href":"https:\/\/viskanspa-se.tbwebsite.com\/en\/wp-json\/wp\/v2\/types\/product"}],"wp:featuredmedia":[{"embeddable":true,"href":"https:\/\/viskanspa-se.tbwebsite.com\/en\/wp-json\/wp\/v2\/media\/8455"}],"wp:attachment":[{"href":"https:\/\/viskanspa-se.tbwebsite.com\/en\/wp-json\/wp\/v2\/media?parent=7244"}],"wp:term":[{"taxonomy":"product_brand","embeddable":true,"href":"https:\/\/viskanspa-se.tbwebsite.com\/en\/wp-json\/wp\/v2\/product_brand?post=7244"},{"taxonomy":"product_cat","embeddable":true,"href":"https:\/\/viskanspa-se.tbwebsite.com\/en\/wp-json\/wp\/v2\/product_cat?post=7244"},{"taxonomy":"product_tag","embeddable":true,"href":"https:\/\/viskanspa-se.tbwebsite.com\/en\/wp-json\/wp\/v2\/product_tag?post=7244"}],"curies":[{"name":"wp","href":"https:\/\/api.w.org\/{rel}","templated":true}]}}