{"id":7255,"date":"2022-07-13T08:35:51","date_gmt":"2022-07-13T08:35:51","guid":{"rendered":"https:\/\/viskanspa-se.tbwebsite.com\/?post_type=product&#038;p=7255"},"modified":"2024-05-15T14:06:46","modified_gmt":"2024-05-15T14:06:46","slug":"conditioner","status":"publish","type":"product","link":"https:\/\/viskanspa-se.tbwebsite.com\/en\/spabad\/vardserie\/conditioner\/","title":{"rendered":"Conditioner"},"content":{"rendered":"","protected":false},"excerpt":{"rendered":"<p class=\"p1\">SpaCare Balsam<\/p>\n<p>Lyxigt och v\u00e5rdande balsam med en frisk doft av grapefrukt.\u00a0<strong>Fresh Grapefruit Conditioner<\/strong>\u00a0inneh\u00e5ller extrakt av aloe vera och har en unik kombination av vitaminer, mineraler och aminosyror som reng\u00f6r, \u00e5teruppbygger och st\u00e4rker h\u00e5ret.<\/p>\n<p>F\u00f6rp. 250 ml<\/p>","protected":false},"featured_media":0,"template":"","meta":{"_acf_changed":false},"product_brand":[],"product_cat":[60],"product_tag":[],"class_list":{"0":"post-7255","1":"product","2":"type-product","3":"status-publish","5":"product_cat-vardserie","7":"first","8":"instock","9":"taxable","10":"shipping-taxable","11":"purchasable","12":"product-type-simple"},"acf":[],"_links":{"self":[{"href":"https:\/\/viskanspa-se.tbwebsite.com\/en\/wp-json\/wp\/v2\/product\/7255","targetHints":{"allow":["GET"]}}],"collection":[{"href":"https:\/\/viskanspa-se.tbwebsite.com\/en\/wp-json\/wp\/v2\/product"}],"about":[{"href":"https:\/\/viskanspa-se.tbwebsite.com\/en\/wp-json\/wp\/v2\/types\/product"}],"wp:attachment":[{"href":"https:\/\/viskanspa-se.tbwebsite.com\/en\/wp-json\/wp\/v2\/media?parent=7255"}],"wp:term":[{"taxonomy":"product_brand","embeddable":true,"href":"https:\/\/viskanspa-se.tbwebsite.com\/en\/wp-json\/wp\/v2\/product_brand?post=7255"},{"taxonomy":"product_cat","embeddable":true,"href":"https:\/\/viskanspa-se.tbwebsite.com\/en\/wp-json\/wp\/v2\/product_cat?post=7255"},{"taxonomy":"product_tag","embeddable":true,"href":"https:\/\/viskanspa-se.tbwebsite.com\/en\/wp-json\/wp\/v2\/product_tag?post=7255"}],"curies":[{"name":"wp","href":"https:\/\/api.w.org\/{rel}","templated":true}]}}