{"id":7257,"date":"2022-07-13T08:36:46","date_gmt":"2022-07-13T08:36:46","guid":{"rendered":"https:\/\/viskanspa-se.tbwebsite.com\/?post_type=product&#038;p=7257"},"modified":"2024-05-15T13:46:38","modified_gmt":"2024-05-15T13:46:38","slug":"bath-and-shower-gel","status":"publish","type":"product","link":"https:\/\/viskanspa-se.tbwebsite.com\/en\/spabad\/vardserie\/bath-and-shower-gel\/","title":{"rendered":"Bath and Shower gel"},"content":{"rendered":"","protected":false},"excerpt":{"rendered":"<p class=\"p1\">SpaCare Bath and Showergel<\/p>\n<p>Lyxigt duschtv\u00e5l med uppfriskande grapefrukt g\u00f6r badet till en upplevelse. Inneh\u00e5ller extrakt av aloe vera och g\u00f6r huden sl\u00e4t och mjuk.\u00a0<strong>Fresh Grapefruit Bath &amp; Shower Gel<\/strong>\u00a0\u00e4r speciellt l\u00e4mpligt efter bad i spabad eller pooler, eftersom det tar bort klorlukten.<\/p>\n<p>F\u00f6rp. 250 ml<\/p>","protected":false},"featured_media":0,"template":"","meta":{"_acf_changed":false},"product_brand":[],"product_cat":[60],"product_tag":[],"class_list":{"0":"post-7257","1":"product","2":"type-product","3":"status-publish","5":"product_cat-vardserie","7":"first","8":"instock","9":"taxable","10":"shipping-taxable","11":"purchasable","12":"product-type-simple"},"acf":[],"_links":{"self":[{"href":"https:\/\/viskanspa-se.tbwebsite.com\/en\/wp-json\/wp\/v2\/product\/7257","targetHints":{"allow":["GET"]}}],"collection":[{"href":"https:\/\/viskanspa-se.tbwebsite.com\/en\/wp-json\/wp\/v2\/product"}],"about":[{"href":"https:\/\/viskanspa-se.tbwebsite.com\/en\/wp-json\/wp\/v2\/types\/product"}],"wp:attachment":[{"href":"https:\/\/viskanspa-se.tbwebsite.com\/en\/wp-json\/wp\/v2\/media?parent=7257"}],"wp:term":[{"taxonomy":"product_brand","embeddable":true,"href":"https:\/\/viskanspa-se.tbwebsite.com\/en\/wp-json\/wp\/v2\/product_brand?post=7257"},{"taxonomy":"product_cat","embeddable":true,"href":"https:\/\/viskanspa-se.tbwebsite.com\/en\/wp-json\/wp\/v2\/product_cat?post=7257"},{"taxonomy":"product_tag","embeddable":true,"href":"https:\/\/viskanspa-se.tbwebsite.com\/en\/wp-json\/wp\/v2\/product_tag?post=7257"}],"curies":[{"name":"wp","href":"https:\/\/api.w.org\/{rel}","templated":true}]}}