{"id":7261,"date":"2022-07-13T08:58:51","date_gmt":"2022-07-13T08:58:51","guid":{"rendered":"https:\/\/viskanspa-se.tbwebsite.com\/?post_type=product&#038;p=7261"},"modified":"2023-05-09T06:33:07","modified_gmt":"2023-05-09T06:33:07","slug":"schampoo-och-conditioner","status":"publish","type":"product","link":"https:\/\/viskanspa-se.tbwebsite.com\/en\/spabad\/vardserie\/schampoo-och-conditioner\/","title":{"rendered":"Schampoo och Conditioner"},"content":{"rendered":"","protected":false},"excerpt":{"rendered":"<p class=\"p1\">SpaCare presentf\u00f6rpackning med schampoo och conditioner<\/p>\n<p class=\"p1\">Exklusivt v\u00e5rdande schampo med en frisk doft av grapefrukt.\u00a0<strong>Fresh Grapefruit Shampoo<\/strong>\u00a0inneh\u00e5ller extrakt av aloe vera och \u00e4r berikat med proteiner och vitaminer som st\u00e4rker h\u00e5ret och bevarar den naturliga fuktigheten.<\/p>\n<p>Lyxigt och v\u00e5rdande balsam med en frisk doft av grapefrukt.\u00a0<strong>Fresh Grapefruit Conditioner<\/strong>\u00a0inneh\u00e5ller extrakt av aloe vera och har en unik kombination av vitaminer, mineraler och aminosyror som reng\u00f6r, \u00e5teruppbygger och st\u00e4rker h\u00e5ret.<\/p>\n<p class=\"p1\"><strong>Fresh Grapefruit\u00a0<\/strong>\u00e4r speciellt l\u00e4mpligt efter bad i spabad eller pooler, eftersom det tar bort klorlukten.<\/p>\n<p>F\u00f6rp. 2 x 250 ml<\/p>","protected":false},"featured_media":0,"template":"","meta":{"_acf_changed":false},"product_brand":[],"product_cat":[60],"product_tag":[],"class_list":{"0":"post-7261","1":"product","2":"type-product","3":"status-publish","5":"product_cat-vardserie","7":"first","8":"instock","9":"taxable","10":"shipping-taxable","11":"purchasable","12":"product-type-simple"},"acf":[],"_links":{"self":[{"href":"https:\/\/viskanspa-se.tbwebsite.com\/en\/wp-json\/wp\/v2\/product\/7261","targetHints":{"allow":["GET"]}}],"collection":[{"href":"https:\/\/viskanspa-se.tbwebsite.com\/en\/wp-json\/wp\/v2\/product"}],"about":[{"href":"https:\/\/viskanspa-se.tbwebsite.com\/en\/wp-json\/wp\/v2\/types\/product"}],"wp:attachment":[{"href":"https:\/\/viskanspa-se.tbwebsite.com\/en\/wp-json\/wp\/v2\/media?parent=7261"}],"wp:term":[{"taxonomy":"product_brand","embeddable":true,"href":"https:\/\/viskanspa-se.tbwebsite.com\/en\/wp-json\/wp\/v2\/product_brand?post=7261"},{"taxonomy":"product_cat","embeddable":true,"href":"https:\/\/viskanspa-se.tbwebsite.com\/en\/wp-json\/wp\/v2\/product_cat?post=7261"},{"taxonomy":"product_tag","embeddable":true,"href":"https:\/\/viskanspa-se.tbwebsite.com\/en\/wp-json\/wp\/v2\/product_tag?post=7261"}],"curies":[{"name":"wp","href":"https:\/\/api.w.org\/{rel}","templated":true}]}}