{"id":7806,"date":"2022-11-08T08:41:10","date_gmt":"2022-11-08T08:41:10","guid":{"rendered":"https:\/\/viskanspa-se.tbwebsite.com\/?post_type=product&#038;p=7806"},"modified":"2025-01-22T09:43:25","modified_gmt":"2025-01-22T09:43:25","slug":"balboa-ozonator","status":"publish","type":"product","link":"https:\/\/viskanspa-se.tbwebsite.com\/en\/spabad\/reservdelar\/rening\/balboa-ozonator\/","title":{"rendered":"Ozonator Balboa"},"content":{"rendered":"<p>Art.nr 50663 ers\u00e4tter tidigare ozonator fr\u00e5n Balboa (se bild).<\/p>\n<p><img decoding=\"async\" class=\"alignnone size-full wp-image-8800\" src=\"https:\/\/viskanspa-se.tbwebsite.com\/wp-content\/uploads\/2022\/11\/ozonator.jpg\" alt=\"\" width=\"92\" height=\"95\" srcset=\"https:\/\/viskanspa-se.tbwebsite.com\/wp-content\/uploads\/2022\/11\/ozonator.jpg 92w, https:\/\/viskanspa-se.tbwebsite.com\/wp-content\/uploads\/2022\/11\/ozonator-64x66.jpg 64w, https:\/\/viskanspa-se.tbwebsite.com\/wp-content\/uploads\/2022\/11\/ozonator-12x12.jpg 12w\" sizes=\"(max-width: 92px) 100vw, 92px\" \/><\/p>\n<p>Har du denna p\u00e5 ditt bad passar ovan artikel.<\/p>","protected":false},"excerpt":{"rendered":"<p>Balboa Ultraz0<sub>3<\/sub>ne \u00e4r en liten kompakt enhet med l\u00e5g energif\u00f6rbrukning som \u00e4r designad speciellt f\u00f6r spabad. Den anv\u00e4nds f\u00f6r att desinficera vattnet genom att eliminera virus och biologiska f\u00f6roreningar samt kan minska anv\u00e4ndande av kemikalier i spabadet.<\/p>\n<p>I artikeln ing\u00e5r<\/p>\n<ul>\n<li>Ozonator<\/li>\n<li>Backventil<\/li>\n<li>1 m slang 7 mm x 11 mm<\/li>\n<li>1,5 m anslutningskabel med 4 pins amp-kontakt<\/li>\n<\/ul>\n<p>&nbsp;<\/p>\n<p>240V, 50\/60Hz 0,17A<\/p>\n<p>50 mg ozon\/timme<\/p>\n<p>&nbsp;<\/p>\n<p>&nbsp;<\/p>","protected":false},"featured_media":7807,"template":"","meta":{"_acf_changed":false},"product_brand":[],"product_cat":[78,77],"product_tag":[],"class_list":{"0":"post-7806","1":"product","2":"type-product","3":"status-publish","4":"has-post-thumbnail","6":"product_cat-rening","7":"product_cat-reservdelar","9":"first","10":"instock","11":"taxable","12":"shipping-taxable","13":"purchasable","14":"product-type-simple"},"acf":[],"_links":{"self":[{"href":"https:\/\/viskanspa-se.tbwebsite.com\/en\/wp-json\/wp\/v2\/product\/7806","targetHints":{"allow":["GET"]}}],"collection":[{"href":"https:\/\/viskanspa-se.tbwebsite.com\/en\/wp-json\/wp\/v2\/product"}],"about":[{"href":"https:\/\/viskanspa-se.tbwebsite.com\/en\/wp-json\/wp\/v2\/types\/product"}],"wp:featuredmedia":[{"embeddable":true,"href":"https:\/\/viskanspa-se.tbwebsite.com\/en\/wp-json\/wp\/v2\/media\/7807"}],"wp:attachment":[{"href":"https:\/\/viskanspa-se.tbwebsite.com\/en\/wp-json\/wp\/v2\/media?parent=7806"}],"wp:term":[{"taxonomy":"product_brand","embeddable":true,"href":"https:\/\/viskanspa-se.tbwebsite.com\/en\/wp-json\/wp\/v2\/product_brand?post=7806"},{"taxonomy":"product_cat","embeddable":true,"href":"https:\/\/viskanspa-se.tbwebsite.com\/en\/wp-json\/wp\/v2\/product_cat?post=7806"},{"taxonomy":"product_tag","embeddable":true,"href":"https:\/\/viskanspa-se.tbwebsite.com\/en\/wp-json\/wp\/v2\/product_tag?post=7806"}],"curies":[{"name":"wp","href":"https:\/\/api.w.org\/{rel}","templated":true}]}}