{"id":7811,"date":"2022-11-08T09:00:20","date_gmt":"2022-11-08T09:00:20","guid":{"rendered":"https:\/\/viskanspa-se.tbwebsite.com\/?post_type=product&#038;p=7811"},"modified":"2024-10-29T09:24:20","modified_gmt":"2024-10-29T09:24:20","slug":"aqua-nova-uv-ozon","status":"publish","type":"product","link":"https:\/\/viskanspa-se.tbwebsite.com\/en\/spabad\/reservdelar\/rening\/aqua-nova-uv-ozon\/","title":{"rendered":"Aqua Nova UV\/ozon, komplett, (3\/4 anslutning)"},"content":{"rendered":"","protected":false},"excerpt":{"rendered":"<p>Aqua Nova \u00e4r ett reningssystem som inneh\u00e5ller b\u00e5de ozon och UV. Tillsammans skapar detta AOP (advanced oxidation process) vilket inneb\u00e4r att n\u00e4r ozon och UV kombineras i vattnet blir reningseffekten mycket effektiv. Vid anv\u00e4ndning av reningssystem kan behovet av kemikalier s\u00e5som klor, brom etc minskas vilket resulterar i renare och klarare vatten.<\/p>\n<ul>\n<li>230 V, 50\/60Hz, 0,5 A<\/li>\n<li>UV-lampa 7 W<\/li>\n<li>Ozon: 50 mg\/timme<\/li>\n<li>Min vattenfl\u00f6de 28 L\/minuten<\/li>\n<li>Anslutning slang: PVC slang 19 mm eller 3\/4&#8243;<\/li>\n<\/ul>","protected":false},"featured_media":7812,"template":"","meta":{"_acf_changed":false},"product_brand":[],"product_cat":[78,77],"product_tag":[],"class_list":{"0":"post-7811","1":"product","2":"type-product","3":"status-publish","4":"has-post-thumbnail","6":"product_cat-rening","7":"product_cat-reservdelar","9":"first","10":"instock","11":"taxable","12":"shipping-taxable","13":"purchasable","14":"product-type-simple"},"acf":[],"_links":{"self":[{"href":"https:\/\/viskanspa-se.tbwebsite.com\/en\/wp-json\/wp\/v2\/product\/7811","targetHints":{"allow":["GET"]}}],"collection":[{"href":"https:\/\/viskanspa-se.tbwebsite.com\/en\/wp-json\/wp\/v2\/product"}],"about":[{"href":"https:\/\/viskanspa-se.tbwebsite.com\/en\/wp-json\/wp\/v2\/types\/product"}],"wp:featuredmedia":[{"embeddable":true,"href":"https:\/\/viskanspa-se.tbwebsite.com\/en\/wp-json\/wp\/v2\/media\/7812"}],"wp:attachment":[{"href":"https:\/\/viskanspa-se.tbwebsite.com\/en\/wp-json\/wp\/v2\/media?parent=7811"}],"wp:term":[{"taxonomy":"product_brand","embeddable":true,"href":"https:\/\/viskanspa-se.tbwebsite.com\/en\/wp-json\/wp\/v2\/product_brand?post=7811"},{"taxonomy":"product_cat","embeddable":true,"href":"https:\/\/viskanspa-se.tbwebsite.com\/en\/wp-json\/wp\/v2\/product_cat?post=7811"},{"taxonomy":"product_tag","embeddable":true,"href":"https:\/\/viskanspa-se.tbwebsite.com\/en\/wp-json\/wp\/v2\/product_tag?post=7811"}],"curies":[{"name":"wp","href":"https:\/\/api.w.org\/{rel}","templated":true}]}}