{"id":7815,"date":"2022-11-08T10:28:41","date_gmt":"2022-11-08T10:28:41","guid":{"rendered":"https:\/\/viskanspa-se.tbwebsite.com\/?post_type=product&#038;p=7815"},"modified":"2025-01-22T09:43:08","modified_gmt":"2025-01-22T09:43:08","slug":"wavezone-uv-ozon-combo","status":"publish","type":"product","link":"https:\/\/viskanspa-se.tbwebsite.com\/en\/spabad\/reservdelar\/rening\/wavezone-uv-ozon-combo\/","title":{"rendered":"WaveZone UV\/Ozon combo"},"content":{"rendered":"<p><span class=\"jCAhz ChMk0b\"><span class=\"ryNqvb\">\u00a0<\/span><\/span><\/p>\n<p>&nbsp;<\/p>","protected":false},"excerpt":{"rendered":"<p>Wave Zone fr\u00e5n Balboa \u00e4r ett reningssystem som inneh\u00e5ller b\u00e5de ozon och UV. Tillsammans skapar detta AOP (advanced oxidation process) vilket inneb\u00e4r att n\u00e4r ozon och UV kombineras i vattnet blir reningseffekten mycket effektiv. Vid anv\u00e4ndning av reningssystem kan behovet av kemikalier s\u00e5som klor, brom etc minskas vilket resulterar i renare och klarare vatten.<\/p>\n<ul>\n<li>230 V, 50\/60Hz, 0,5 A<\/li>\n<li>UV-lampa 7 W<\/li>\n<li>Ozon: 50 mg\/timme<\/li>\n<li>Min vattenfl\u00f6de 28 L\/minuten<\/li>\n<li>Anslutning slang: PVC slang 19 mm (50648)<\/li>\n<li>CE godk\u00e4nd<\/li>\n<\/ul>","protected":false},"featured_media":7816,"template":"","meta":{"_acf_changed":false},"product_brand":[],"product_cat":[78,77],"product_tag":[],"class_list":{"0":"post-7815","1":"product","2":"type-product","3":"status-publish","4":"has-post-thumbnail","6":"product_cat-rening","7":"product_cat-reservdelar","9":"first","10":"instock","11":"taxable","12":"shipping-taxable","13":"purchasable","14":"product-type-simple"},"acf":[],"_links":{"self":[{"href":"https:\/\/viskanspa-se.tbwebsite.com\/en\/wp-json\/wp\/v2\/product\/7815","targetHints":{"allow":["GET"]}}],"collection":[{"href":"https:\/\/viskanspa-se.tbwebsite.com\/en\/wp-json\/wp\/v2\/product"}],"about":[{"href":"https:\/\/viskanspa-se.tbwebsite.com\/en\/wp-json\/wp\/v2\/types\/product"}],"wp:featuredmedia":[{"embeddable":true,"href":"https:\/\/viskanspa-se.tbwebsite.com\/en\/wp-json\/wp\/v2\/media\/7816"}],"wp:attachment":[{"href":"https:\/\/viskanspa-se.tbwebsite.com\/en\/wp-json\/wp\/v2\/media?parent=7815"}],"wp:term":[{"taxonomy":"product_brand","embeddable":true,"href":"https:\/\/viskanspa-se.tbwebsite.com\/en\/wp-json\/wp\/v2\/product_brand?post=7815"},{"taxonomy":"product_cat","embeddable":true,"href":"https:\/\/viskanspa-se.tbwebsite.com\/en\/wp-json\/wp\/v2\/product_cat?post=7815"},{"taxonomy":"product_tag","embeddable":true,"href":"https:\/\/viskanspa-se.tbwebsite.com\/en\/wp-json\/wp\/v2\/product_tag?post=7815"}],"curies":[{"name":"wp","href":"https:\/\/api.w.org\/{rel}","templated":true}]}}