{"id":7820,"date":"2022-11-08T10:52:19","date_gmt":"2022-11-08T10:52:19","guid":{"rendered":"https:\/\/viskanspa-se.tbwebsite.com\/?post_type=product&#038;p=7820"},"modified":"2023-05-09T06:33:17","modified_gmt":"2023-05-09T06:33:17","slug":"wavezone-monteringset","status":"publish","type":"product","link":"https:\/\/viskanspa-se.tbwebsite.com\/en\/spabad\/reservdelar\/rening\/wavezone-monteringset\/","title":{"rendered":"WaveZone monteringset"},"content":{"rendered":"","protected":false},"excerpt":{"rendered":"<p>Set f\u00f6r montering av Wave Zone (60813)<\/p>\n<ul>\n<li>Ozoninjektor (50930)<\/li>\n<li>Backventil (90571)<\/li>\n<li>Ozonslang 5 m (62510)<\/li>\n<li>Slangkl\u00e4mma 2 st (60816)<\/li>\n<li>Jordkabel 2 m (50654)<\/li>\n<\/ul>\n<p>PVC-lim beh\u00f6vs f\u00f6r installation, best\u00e4lls separat<\/p>\n<p>WaveZone\u00a0 modulen \u00e4r inte inkluderad i detta paket.<\/p>","protected":false},"featured_media":8921,"template":"","meta":{"_acf_changed":false},"product_brand":[],"product_cat":[78,77],"product_tag":[],"class_list":{"0":"post-7820","1":"product","2":"type-product","3":"status-publish","4":"has-post-thumbnail","6":"product_cat-rening","7":"product_cat-reservdelar","9":"first","10":"instock","11":"taxable","12":"shipping-taxable","13":"purchasable","14":"product-type-simple"},"acf":[],"_links":{"self":[{"href":"https:\/\/viskanspa-se.tbwebsite.com\/en\/wp-json\/wp\/v2\/product\/7820","targetHints":{"allow":["GET"]}}],"collection":[{"href":"https:\/\/viskanspa-se.tbwebsite.com\/en\/wp-json\/wp\/v2\/product"}],"about":[{"href":"https:\/\/viskanspa-se.tbwebsite.com\/en\/wp-json\/wp\/v2\/types\/product"}],"wp:featuredmedia":[{"embeddable":true,"href":"https:\/\/viskanspa-se.tbwebsite.com\/en\/wp-json\/wp\/v2\/media\/8921"}],"wp:attachment":[{"href":"https:\/\/viskanspa-se.tbwebsite.com\/en\/wp-json\/wp\/v2\/media?parent=7820"}],"wp:term":[{"taxonomy":"product_brand","embeddable":true,"href":"https:\/\/viskanspa-se.tbwebsite.com\/en\/wp-json\/wp\/v2\/product_brand?post=7820"},{"taxonomy":"product_cat","embeddable":true,"href":"https:\/\/viskanspa-se.tbwebsite.com\/en\/wp-json\/wp\/v2\/product_cat?post=7820"},{"taxonomy":"product_tag","embeddable":true,"href":"https:\/\/viskanspa-se.tbwebsite.com\/en\/wp-json\/wp\/v2\/product_tag?post=7820"}],"curies":[{"name":"wp","href":"https:\/\/api.w.org\/{rel}","templated":true}]}}