{"id":7836,"date":"2022-11-08T12:54:34","date_gmt":"2022-11-08T12:54:34","guid":{"rendered":"https:\/\/viskanspa-se.tbwebsite.com\/?post_type=product&#038;p=7836"},"modified":"2024-10-17T08:18:53","modified_gmt":"2024-10-17T08:18:53","slug":"balboa-slave-heater-3kw","status":"publish","type":"product","link":"https:\/\/viskanspa-se.tbwebsite.com\/en\/spabad\/reservdelar\/varmare\/balboa-slave-heater-3kw\/","title":{"rendered":"Balboa slave heater 3kW"},"content":{"rendered":"","protected":false},"excerpt":{"rendered":"<p>En extra v\u00e4rmare till ert spabad p\u00e5 3kW. Ett komplement f\u00f6r att s\u00e4kerst\u00e4lla att badtemperaturen bibeh\u00e5lls \u00e4ven vid l\u00e5nga vinterbad. Den extra enheten kopplas samman med badets kontrollbox och startar samtidigt som huvudv\u00e4rmaren g\u00e5r ig\u00e5ng.<\/p>\n<p>3 kw,<\/p>","protected":false},"featured_media":7645,"template":"","meta":{"_acf_changed":false},"product_brand":[],"product_cat":[80,77],"product_tag":[],"class_list":{"0":"post-7836","1":"product","2":"type-product","3":"status-publish","4":"has-post-thumbnail","6":"product_cat-varmare","7":"product_cat-reservdelar","9":"first","10":"instock","11":"taxable","12":"shipping-taxable","13":"purchasable","14":"product-type-simple"},"acf":[],"_links":{"self":[{"href":"https:\/\/viskanspa-se.tbwebsite.com\/en\/wp-json\/wp\/v2\/product\/7836","targetHints":{"allow":["GET"]}}],"collection":[{"href":"https:\/\/viskanspa-se.tbwebsite.com\/en\/wp-json\/wp\/v2\/product"}],"about":[{"href":"https:\/\/viskanspa-se.tbwebsite.com\/en\/wp-json\/wp\/v2\/types\/product"}],"wp:featuredmedia":[{"embeddable":true,"href":"https:\/\/viskanspa-se.tbwebsite.com\/en\/wp-json\/wp\/v2\/media\/7645"}],"wp:attachment":[{"href":"https:\/\/viskanspa-se.tbwebsite.com\/en\/wp-json\/wp\/v2\/media?parent=7836"}],"wp:term":[{"taxonomy":"product_brand","embeddable":true,"href":"https:\/\/viskanspa-se.tbwebsite.com\/en\/wp-json\/wp\/v2\/product_brand?post=7836"},{"taxonomy":"product_cat","embeddable":true,"href":"https:\/\/viskanspa-se.tbwebsite.com\/en\/wp-json\/wp\/v2\/product_cat?post=7836"},{"taxonomy":"product_tag","embeddable":true,"href":"https:\/\/viskanspa-se.tbwebsite.com\/en\/wp-json\/wp\/v2\/product_tag?post=7836"}],"curies":[{"name":"wp","href":"https:\/\/api.w.org\/{rel}","templated":true}]}}