{"id":7839,"date":"2022-11-08T13:17:54","date_gmt":"2022-11-08T13:17:54","guid":{"rendered":"https:\/\/viskanspa-se.tbwebsite.com\/?post_type=product&#038;p=7839"},"modified":"2025-02-12T07:59:28","modified_gmt":"2025-02-12T07:59:28","slug":"varmare-till-balboa-bp-38kw-titanum","status":"publish","type":"product","link":"https:\/\/viskanspa-se.tbwebsite.com\/en\/spabad\/reservdelar\/varmare\/varmare-till-balboa-bp-38kw-titanum\/","title":{"rendered":"V\u00e4rmare till Balboa BP 3,8kW Titanum"},"content":{"rendered":"<p>Inkl. packning<\/p>","protected":false},"excerpt":{"rendered":"<p>V\u00e4rmare Balboa 3,8 kw d\u00e4r v\u00e4rmarelementet \u00e4r i titanium f\u00f6r att b\u00e4ttre h\u00e5lla rent fr\u00e5n bel\u00e4ggningar<\/p>\n<p>Till kontrollbox VSKBP21X<\/p>\n<p>Passar ej kontrollbox BP200, den hittar ni h\u00e4r<\/p>\n<p><a href=\"https:\/\/viskanspa-se.tbwebsite.com\/en\/spabad\/reservdelar\/varmare\/varmare-till-balboa-bp200-3kw\/\">V\u00e4rmare till Balboa BP200 3kW &#8211; Viskan Spa<\/a><\/p>","protected":false},"featured_media":14900,"template":"","meta":{"_acf_changed":false},"product_brand":[],"product_cat":[80,77],"product_tag":[],"class_list":{"0":"post-7839","1":"product","2":"type-product","3":"status-publish","4":"has-post-thumbnail","6":"product_cat-varmare","7":"product_cat-reservdelar","9":"first","10":"instock","11":"taxable","12":"shipping-taxable","13":"purchasable","14":"product-type-simple"},"acf":[],"_links":{"self":[{"href":"https:\/\/viskanspa-se.tbwebsite.com\/en\/wp-json\/wp\/v2\/product\/7839","targetHints":{"allow":["GET"]}}],"collection":[{"href":"https:\/\/viskanspa-se.tbwebsite.com\/en\/wp-json\/wp\/v2\/product"}],"about":[{"href":"https:\/\/viskanspa-se.tbwebsite.com\/en\/wp-json\/wp\/v2\/types\/product"}],"wp:featuredmedia":[{"embeddable":true,"href":"https:\/\/viskanspa-se.tbwebsite.com\/en\/wp-json\/wp\/v2\/media\/14900"}],"wp:attachment":[{"href":"https:\/\/viskanspa-se.tbwebsite.com\/en\/wp-json\/wp\/v2\/media?parent=7839"}],"wp:term":[{"taxonomy":"product_brand","embeddable":true,"href":"https:\/\/viskanspa-se.tbwebsite.com\/en\/wp-json\/wp\/v2\/product_brand?post=7839"},{"taxonomy":"product_cat","embeddable":true,"href":"https:\/\/viskanspa-se.tbwebsite.com\/en\/wp-json\/wp\/v2\/product_cat?post=7839"},{"taxonomy":"product_tag","embeddable":true,"href":"https:\/\/viskanspa-se.tbwebsite.com\/en\/wp-json\/wp\/v2\/product_tag?post=7839"}],"curies":[{"name":"wp","href":"https:\/\/api.w.org\/{rel}","templated":true}]}}