{"id":7840,"date":"2022-11-08T13:59:49","date_gmt":"2022-11-08T13:59:49","guid":{"rendered":"https:\/\/viskanspa-se.tbwebsite.com\/?post_type=product&#038;p=7840"},"modified":"2025-02-12T07:55:26","modified_gmt":"2025-02-12T07:55:26","slug":"varmare-till-balboa-kontrollbox-titnaium-3-0kw","status":"publish","type":"product","link":"https:\/\/viskanspa-se.tbwebsite.com\/en\/spabad\/reservdelar\/varmare\/varmare-till-balboa-kontrollbox-titnaium-3-0kw\/","title":{"rendered":"V\u00e4rmare till Balboa kontrollbox Titanium 3kW"},"content":{"rendered":"<p>&nbsp;<\/p>\n<p>&nbsp;<\/p>","protected":false},"excerpt":{"rendered":"<p>V\u00e4rmare Balboa 3 kw d\u00e4r v\u00e4rmarelementet \u00e4r i titanium f\u00f6r att b\u00e4ttre h\u00e5lla rent fr\u00e5n bel\u00e4ggningar<\/p>\n<p>Passar ej kontrollbox BP200, den hittar ni h\u00e4r<\/p>\n<p><a href=\"https:\/\/viskanspa-se.tbwebsite.com\/en\/spabad\/reservdelar\/varmare\/varmare-till-balboa-bp200-3kw\/\">V\u00e4rmare till Balboa BP200 3kW &#8211; Viskan Spa<\/a><\/p>","protected":false},"featured_media":14900,"template":"","meta":{"_acf_changed":false},"product_brand":[],"product_cat":[80,77],"product_tag":[],"class_list":{"0":"post-7840","1":"product","2":"type-product","3":"status-publish","4":"has-post-thumbnail","6":"product_cat-varmare","7":"product_cat-reservdelar","9":"first","10":"instock","11":"taxable","12":"shipping-taxable","13":"purchasable","14":"product-type-simple"},"acf":[],"_links":{"self":[{"href":"https:\/\/viskanspa-se.tbwebsite.com\/en\/wp-json\/wp\/v2\/product\/7840","targetHints":{"allow":["GET"]}}],"collection":[{"href":"https:\/\/viskanspa-se.tbwebsite.com\/en\/wp-json\/wp\/v2\/product"}],"about":[{"href":"https:\/\/viskanspa-se.tbwebsite.com\/en\/wp-json\/wp\/v2\/types\/product"}],"wp:featuredmedia":[{"embeddable":true,"href":"https:\/\/viskanspa-se.tbwebsite.com\/en\/wp-json\/wp\/v2\/media\/14900"}],"wp:attachment":[{"href":"https:\/\/viskanspa-se.tbwebsite.com\/en\/wp-json\/wp\/v2\/media?parent=7840"}],"wp:term":[{"taxonomy":"product_brand","embeddable":true,"href":"https:\/\/viskanspa-se.tbwebsite.com\/en\/wp-json\/wp\/v2\/product_brand?post=7840"},{"taxonomy":"product_cat","embeddable":true,"href":"https:\/\/viskanspa-se.tbwebsite.com\/en\/wp-json\/wp\/v2\/product_cat?post=7840"},{"taxonomy":"product_tag","embeddable":true,"href":"https:\/\/viskanspa-se.tbwebsite.com\/en\/wp-json\/wp\/v2\/product_tag?post=7840"}],"curies":[{"name":"wp","href":"https:\/\/api.w.org\/{rel}","templated":true}]}}