{"id":7978,"date":"2022-11-11T06:28:17","date_gmt":"2022-11-11T06:28:17","guid":{"rendered":"https:\/\/viskanspa-se.tbwebsite.com\/?post_type=product&#038;p=7978"},"modified":"2024-05-21T10:46:16","modified_gmt":"2024-05-21T10:46:16","slug":"led-lampa","status":"publish","type":"product","link":"https:\/\/viskanspa-se.tbwebsite.com\/en\/spabad\/reservdelar\/belysning\/led-lampa\/","title":{"rendered":"LED lampa"},"content":{"rendered":"","protected":false},"excerpt":{"rendered":"<p>Led lampa med sju dioder RGB (\u00e5tta f\u00e4rger) som via kontrollpanelen st\u00e4lls in med fast sken i valbar f\u00e4rg eller v\u00e4xlande mellan alla f\u00e4rger.<\/p>\n<p>Led lampan har 1,80 m anslutningskabel med snabbkoppling till kontrollboxen.<\/p>\n<p>Passar till lamphus art.nr <a href=\"\/en\/reservdelar\/belysning\/lamphus-ss\/\">50855<\/a> and <a href=\"\/en\/reservdelar\/belysning\/lamphus-sqr\/\">60734<\/a><\/p>\n<p>Ing\u00e5ende 12V 60 Hz Max 12 W<\/p>\n<p>Utg\u00e5ende 5V Max 1,5A<\/p>\n<p>Led lampan har \u00e4ven snabbkoppling f\u00f6r anslutningskabel. P\u00e5 denna anslutningskabel kan det kopplas p\u00e5 led slingor f\u00f6r punktbelysning tex l\u00e4ngs vattenlinjen.<\/p>\n<p><a href=\"https:\/\/viskanspa-se.tbwebsite.com\/wp-content\/uploads\/2023\/03\/LED-installation.pdf\">Klicka h\u00e4r f\u00f6r att se schema\/artiklar f\u00f6r komplett montering med LED lampa och punktbelysning<\/a><\/p>","protected":false},"featured_media":7979,"template":"","meta":{"_acf_changed":false},"product_brand":[],"product_cat":[83,77],"product_tag":[],"class_list":{"0":"post-7978","1":"product","2":"type-product","3":"status-publish","4":"has-post-thumbnail","6":"product_cat-belysning","7":"product_cat-reservdelar","9":"first","10":"instock","11":"taxable","12":"shipping-taxable","13":"purchasable","14":"product-type-simple"},"acf":[],"_links":{"self":[{"href":"https:\/\/viskanspa-se.tbwebsite.com\/en\/wp-json\/wp\/v2\/product\/7978","targetHints":{"allow":["GET"]}}],"collection":[{"href":"https:\/\/viskanspa-se.tbwebsite.com\/en\/wp-json\/wp\/v2\/product"}],"about":[{"href":"https:\/\/viskanspa-se.tbwebsite.com\/en\/wp-json\/wp\/v2\/types\/product"}],"wp:featuredmedia":[{"embeddable":true,"href":"https:\/\/viskanspa-se.tbwebsite.com\/en\/wp-json\/wp\/v2\/media\/7979"}],"wp:attachment":[{"href":"https:\/\/viskanspa-se.tbwebsite.com\/en\/wp-json\/wp\/v2\/media?parent=7978"}],"wp:term":[{"taxonomy":"product_brand","embeddable":true,"href":"https:\/\/viskanspa-se.tbwebsite.com\/en\/wp-json\/wp\/v2\/product_brand?post=7978"},{"taxonomy":"product_cat","embeddable":true,"href":"https:\/\/viskanspa-se.tbwebsite.com\/en\/wp-json\/wp\/v2\/product_cat?post=7978"},{"taxonomy":"product_tag","embeddable":true,"href":"https:\/\/viskanspa-se.tbwebsite.com\/en\/wp-json\/wp\/v2\/product_tag?post=7978"}],"curies":[{"name":"wp","href":"https:\/\/api.w.org\/{rel}","templated":true}]}}