{"id":7992,"date":"2022-11-11T06:43:09","date_gmt":"2022-11-11T06:43:09","guid":{"rendered":"https:\/\/viskanspa-se.tbwebsite.com\/?post_type=product&#038;p=7992"},"modified":"2024-02-14T12:14:05","modified_gmt":"2024-02-14T12:14:05","slug":"anslutningskabel-till-led-slingor","status":"publish","type":"product","link":"https:\/\/viskanspa-se.tbwebsite.com\/en\/spabad\/reservdelar\/belysning\/anslutningskabel-till-led-slingor\/","title":{"rendered":"Anslutningskabel f\u00f6r punktbelysning"},"content":{"rendered":"","protected":false},"excerpt":{"rendered":"<p>Anslutningskabel fr\u00e5n LED lampa som g\u00e5r runt f\u00f6r punktbelysning i spabadet. Led-dioder kn\u00e4pps via ett clips fast p\u00e5 anslutningskabeln. Led -dioderna kan sen f\u00e4stas i hylsor f\u00f6r tex vattenniv\u00e5belysning, till vattenfall eller till reglage.<\/p>\n<p>Anslutningskabeln \u00e4r 10 m med snabbkoppling till LED lampa art.nr 50856.<\/p>\n<p><a href=\"https:\/\/viskanspa-se.tbwebsite.com\/wp-content\/uploads\/2023\/03\/LED-installation.pdf\">Klicka h\u00e4r f\u00f6r att se schema\/artiklar f\u00f6r komplett montering med LED lampa och punktbelysning<\/a><\/p>","protected":false},"featured_media":7990,"template":"","meta":{"_acf_changed":false},"product_brand":[],"product_cat":[83,77],"product_tag":[],"class_list":{"0":"post-7992","1":"product","2":"type-product","3":"status-publish","4":"has-post-thumbnail","6":"product_cat-belysning","7":"product_cat-reservdelar","9":"first","10":"instock","11":"taxable","12":"shipping-taxable","13":"purchasable","14":"product-type-simple"},"acf":[],"_links":{"self":[{"href":"https:\/\/viskanspa-se.tbwebsite.com\/en\/wp-json\/wp\/v2\/product\/7992","targetHints":{"allow":["GET"]}}],"collection":[{"href":"https:\/\/viskanspa-se.tbwebsite.com\/en\/wp-json\/wp\/v2\/product"}],"about":[{"href":"https:\/\/viskanspa-se.tbwebsite.com\/en\/wp-json\/wp\/v2\/types\/product"}],"wp:featuredmedia":[{"embeddable":true,"href":"https:\/\/viskanspa-se.tbwebsite.com\/en\/wp-json\/wp\/v2\/media\/7990"}],"wp:attachment":[{"href":"https:\/\/viskanspa-se.tbwebsite.com\/en\/wp-json\/wp\/v2\/media?parent=7992"}],"wp:term":[{"taxonomy":"product_brand","embeddable":true,"href":"https:\/\/viskanspa-se.tbwebsite.com\/en\/wp-json\/wp\/v2\/product_brand?post=7992"},{"taxonomy":"product_cat","embeddable":true,"href":"https:\/\/viskanspa-se.tbwebsite.com\/en\/wp-json\/wp\/v2\/product_cat?post=7992"},{"taxonomy":"product_tag","embeddable":true,"href":"https:\/\/viskanspa-se.tbwebsite.com\/en\/wp-json\/wp\/v2\/product_tag?post=7992"}],"curies":[{"name":"wp","href":"https:\/\/api.w.org\/{rel}","templated":true}]}}