{"id":7994,"date":"2022-11-11T06:46:53","date_gmt":"2022-11-11T06:46:53","guid":{"rendered":"https:\/\/viskanspa-se.tbwebsite.com\/?post_type=product&#038;p=7994"},"modified":"2024-05-21T10:56:55","modified_gmt":"2024-05-21T10:56:55","slug":"led-slingor-spabad","status":"publish","type":"product","link":"https:\/\/viskanspa-se.tbwebsite.com\/en\/spabad\/reservdelar\/belysning\/led-slingor-spabad\/","title":{"rendered":"LED-dioder punktbelysning"},"content":{"rendered":"","protected":false},"excerpt":{"rendered":"<p>LED-dioder f\u00f6r punktbelysning i spabadet. Slingan kl\u00e4ms fast i anslutningskabeln med clips och f\u00e4st i tex reglage, hylsor f\u00f6r vattenniv\u00e5belysning eller vattenfall. Slingorna finns i fyra utf\u00f6rande med olika antal LED dioder &#8211; en, tv\u00e5, tre eller fyra dioder per slinga.<\/p>\n<p>Maxm\u00e5tt att f\u00e4sta dioderna 80 cm<\/p>\n<p><a href=\"https:\/\/viskanspa-se.tbwebsite.com\/wp-content\/uploads\/2023\/03\/LED-installation.pdf\">Klicka h\u00e4r f\u00f6r att se schema\/artiklar f\u00f6r komplett montering med LED-lampa och punktbelysning<\/a><\/p>\n<p>&nbsp;<\/p>","protected":false},"featured_media":7985,"template":"","meta":{"_acf_changed":false},"product_brand":[],"product_cat":[83,77],"product_tag":[],"class_list":{"0":"post-7994","1":"product","2":"type-product","3":"status-publish","4":"has-post-thumbnail","6":"product_cat-belysning","7":"product_cat-reservdelar","9":"first","10":"instock","11":"taxable","12":"shipping-taxable","13":"purchasable","14":"product-type-variable"},"acf":[],"_links":{"self":[{"href":"https:\/\/viskanspa-se.tbwebsite.com\/en\/wp-json\/wp\/v2\/product\/7994","targetHints":{"allow":["GET"]}}],"collection":[{"href":"https:\/\/viskanspa-se.tbwebsite.com\/en\/wp-json\/wp\/v2\/product"}],"about":[{"href":"https:\/\/viskanspa-se.tbwebsite.com\/en\/wp-json\/wp\/v2\/types\/product"}],"wp:featuredmedia":[{"embeddable":true,"href":"https:\/\/viskanspa-se.tbwebsite.com\/en\/wp-json\/wp\/v2\/media\/7985"}],"wp:attachment":[{"href":"https:\/\/viskanspa-se.tbwebsite.com\/en\/wp-json\/wp\/v2\/media?parent=7994"}],"wp:term":[{"taxonomy":"product_brand","embeddable":true,"href":"https:\/\/viskanspa-se.tbwebsite.com\/en\/wp-json\/wp\/v2\/product_brand?post=7994"},{"taxonomy":"product_cat","embeddable":true,"href":"https:\/\/viskanspa-se.tbwebsite.com\/en\/wp-json\/wp\/v2\/product_cat?post=7994"},{"taxonomy":"product_tag","embeddable":true,"href":"https:\/\/viskanspa-se.tbwebsite.com\/en\/wp-json\/wp\/v2\/product_tag?post=7994"}],"curies":[{"name":"wp","href":"https:\/\/api.w.org\/{rel}","templated":true}]}}